{"id":12703,"date":"2023-12-29T18:23:23","date_gmt":"2023-12-29T18:23:23","guid":{"rendered":"https:\/\/worklaser.pt\/?post_type=product&#038;p=12703"},"modified":"2023-12-29T18:23:24","modified_gmt":"2023-12-29T18:23:24","slug":"caixa-padrinhos-6","status":"publish","type":"product","link":"https:\/\/worklaser.pt\/?product=caixa-padrinhos-6","title":{"rendered":"Caixa Padrinhos 6"},"content":{"rendered":"","protected":false},"excerpt":{"rendered":"<p>Caixa em madeira natural:<br \/>\n&#8211; Personalizada na tampa exterior com nomes e data<\/p>\n<p>&#8211; Convite em papel no interior<\/p>\n<p>&#8211; 2 Flutes com pendente cora\u00e7\u00e3o e la\u00e7o &#8211; cada flute pode ainda ser gravados com a inicial do nome de cada padrinho<br \/>\n&#8211; 1 Espumante de 20cl<br \/>\n&#8211; 1 Bombons de chocolate Avianense formato cora\u00e7\u00e3o<\/p>\n<p>Tamanho da caixa: 30cm x 22cm x9 cm<br \/>\nTempo de produ\u00e7\u00e3o e entrega: 15 -20 dias \u00fateis<\/p>\n","protected":false},"featured_media":12704,"comment_status":"open","ping_status":"closed","template":"","meta":[],"product_cat":[48,65],"product_tag":[],"yoast_head":"<!-- This site is optimized with the Yoast SEO plugin v14.5 - https:\/\/yoast.com\/wordpress\/plugins\/seo\/ -->\n<title>Caixa Padrinhos 6 - WorkLaser<\/title>\n<meta name=\"robots\" content=\"index, follow\" \/>\n<meta name=\"googlebot\" content=\"index, follow, max-snippet:-1, max-image-preview:large, max-video-preview:-1\" \/>\n<meta name=\"bingbot\" content=\"index, follow, max-snippet:-1, max-image-preview:large, max-video-preview:-1\" \/>\n<link rel=\"canonical\" href=\"https:\/\/worklaser.pt\/?product=caixa-padrinhos-6\" \/>\n<meta property=\"og:locale\" content=\"pt_PT\" \/>\n<meta property=\"og:type\" content=\"article\" \/>\n<meta property=\"og:title\" content=\"Caixa Padrinhos 6 - WorkLaser\" \/>\n<meta property=\"og:description\" content=\"Caixa em madeira natural: - Personalizada na tampa exterior com nomes e data  - Convite em papel no interior  - 2 Flutes com pendente cora\u00e7\u00e3o e la\u00e7o - cada flute pode ainda ser gravados com a inicial do nome de cada padrinho - 1 Espumante de 20cl - 1 Bombons de chocolate Avianense formato cora\u00e7\u00e3o  Tamanho da caixa: 30cm x 22cm x9 cm Tempo de produ\u00e7\u00e3o e entrega: 15 -20 dias \u00fateis\" \/>\n<meta property=\"og:url\" content=\"https:\/\/worklaser.pt\/?product=caixa-padrinhos-6\" \/>\n<meta property=\"og:site_name\" content=\"WorkLaser\" \/>\n<meta property=\"article:publisher\" content=\"https:\/\/www.facebook.com\/worklaser\" \/>\n<meta property=\"article:modified_time\" content=\"2023-12-29T18:23:24+00:00\" \/>\n<meta property=\"og:image\" content=\"https:\/\/worklaser.pt\/wp-content\/uploads\/2023\/12\/2-1.jpg\" \/>\n\t<meta property=\"og:image:width\" content=\"600\" \/>\n\t<meta property=\"og:image:height\" content=\"469\" \/>\n<meta property=\"fb:app_id\" content=\"275000290498322\" \/>\n<meta name=\"twitter:card\" content=\"summary_large_image\" \/>\n<script type=\"application\/ld+json\" class=\"yoast-schema-graph\">{\"@context\":\"https:\/\/schema.org\",\"@graph\":[{\"@type\":\"WebSite\",\"@id\":\"https:\/\/worklaser.pt\/#website\",\"url\":\"https:\/\/worklaser.pt\/\",\"name\":\"WorkLaser\",\"description\":\"Loja Online\",\"potentialAction\":[{\"@type\":\"SearchAction\",\"target\":\"https:\/\/worklaser.pt\/?s={search_term_string}\",\"query-input\":\"required name=search_term_string\"}],\"inLanguage\":\"pt-PT\"},{\"@type\":\"ImageObject\",\"@id\":\"https:\/\/worklaser.pt\/?product=caixa-padrinhos-6#primaryimage\",\"inLanguage\":\"pt-PT\",\"url\":\"https:\/\/worklaser.pt\/wp-content\/uploads\/2023\/12\/2-1.jpg\",\"width\":600,\"height\":469},{\"@type\":\"WebPage\",\"@id\":\"https:\/\/worklaser.pt\/?product=caixa-padrinhos-6#webpage\",\"url\":\"https:\/\/worklaser.pt\/?product=caixa-padrinhos-6\",\"name\":\"Caixa Padrinhos 6 - WorkLaser\",\"isPartOf\":{\"@id\":\"https:\/\/worklaser.pt\/#website\"},\"primaryImageOfPage\":{\"@id\":\"https:\/\/worklaser.pt\/?product=caixa-padrinhos-6#primaryimage\"},\"datePublished\":\"2023-12-29T18:23:23+00:00\",\"dateModified\":\"2023-12-29T18:23:24+00:00\",\"inLanguage\":\"pt-PT\",\"potentialAction\":[{\"@type\":\"ReadAction\",\"target\":[\"https:\/\/worklaser.pt\/?product=caixa-padrinhos-6\"]}]}]}<\/script>\n<!-- \/ Yoast SEO plugin. -->","builder_content":"","_links":{"self":[{"href":"https:\/\/worklaser.pt\/index.php?rest_route=\/wp\/v2\/product\/12703"}],"collection":[{"href":"https:\/\/worklaser.pt\/index.php?rest_route=\/wp\/v2\/product"}],"about":[{"href":"https:\/\/worklaser.pt\/index.php?rest_route=\/wp\/v2\/types\/product"}],"replies":[{"embeddable":true,"href":"https:\/\/worklaser.pt\/index.php?rest_route=%2Fwp%2Fv2%2Fcomments&post=12703"}],"wp:featuredmedia":[{"embeddable":true,"href":"https:\/\/worklaser.pt\/index.php?rest_route=\/wp\/v2\/media\/12704"}],"wp:attachment":[{"href":"https:\/\/worklaser.pt\/index.php?rest_route=%2Fwp%2Fv2%2Fmedia&parent=12703"}],"wp:term":[{"taxonomy":"product_cat","embeddable":true,"href":"https:\/\/worklaser.pt\/index.php?rest_route=%2Fwp%2Fv2%2Fproduct_cat&post=12703"},{"taxonomy":"product_tag","embeddable":true,"href":"https:\/\/worklaser.pt\/index.php?rest_route=%2Fwp%2Fv2%2Fproduct_tag&post=12703"}],"curies":[{"name":"wp","href":"https:\/\/api.w.org\/{rel}","templated":true}]}}