{"id":12693,"date":"2023-12-29T18:10:43","date_gmt":"2023-12-29T18:10:43","guid":{"rendered":"https:\/\/worklaser.pt\/?post_type=product&#038;p=12693"},"modified":"2024-03-07T18:38:33","modified_gmt":"2024-03-07T18:38:33","slug":"convite-madrinha-4","status":"publish","type":"product","link":"https:\/\/worklaser.pt\/?product=convite-madrinha-4","title":{"rendered":"Caixa Madrinha 4"},"content":{"rendered":"","protected":false},"excerpt":{"rendered":"<p>Caixa em madeira natural:<br \/>\n&#8211; Personalizada na tampa exterior com nomes e data<br \/>\n&#8211; Fita com la\u00e7o na parte exterior<\/p>\n<p>&#8211; Convite em papel com frase personalizada<\/p>\n<p>&#8211; Pulseira em a\u00e7o com pendente que diz &#8220;Adoro-te Madrinha&#8221; .<br \/>\n&#8211; Mateus Ros\u00e9 de 25cl<br \/>\n&#8211; Raminho de flores secas<\/p>\n<p>Tamanho da caixa: 24 x 14 x 8,5cm<br \/>\nTempo de entrega: 15-20 dias \u00fateis<\/p>\n","protected":false},"featured_media":12694,"comment_status":"open","ping_status":"closed","template":"","meta":[],"product_cat":[48,65],"product_tag":[],"yoast_head":"<!-- This site is optimized with the Yoast SEO plugin v14.5 - https:\/\/yoast.com\/wordpress\/plugins\/seo\/ -->\n<title>Caixa Madrinha 4 - WorkLaser<\/title>\n<meta name=\"robots\" content=\"index, follow\" \/>\n<meta name=\"googlebot\" content=\"index, follow, max-snippet:-1, max-image-preview:large, max-video-preview:-1\" \/>\n<meta name=\"bingbot\" content=\"index, follow, max-snippet:-1, max-image-preview:large, max-video-preview:-1\" \/>\n<link rel=\"canonical\" href=\"https:\/\/worklaser.pt\/?product=convite-madrinha-4\" \/>\n<meta property=\"og:locale\" content=\"pt_PT\" \/>\n<meta property=\"og:type\" content=\"article\" \/>\n<meta property=\"og:title\" content=\"Caixa Madrinha 4 - WorkLaser\" \/>\n<meta property=\"og:description\" content=\"Caixa em madeira natural: - Personalizada na tampa exterior com nomes e data - Fita com la\u00e7o na parte exterior  - Convite em papel com frase personalizada  - Pulseira em a\u00e7o com pendente que diz &quot;Adoro-te Madrinha&quot; . - Mateus Ros\u00e9 de 25cl - Raminho de flores secas  Tamanho da caixa: 24 x 14 x 8,5cm Tempo de entrega: 15-20 dias \u00fateis\" \/>\n<meta property=\"og:url\" content=\"https:\/\/worklaser.pt\/?product=convite-madrinha-4\" \/>\n<meta property=\"og:site_name\" content=\"WorkLaser\" \/>\n<meta property=\"article:publisher\" content=\"https:\/\/www.facebook.com\/worklaser\" \/>\n<meta property=\"article:modified_time\" content=\"2024-03-07T18:38:33+00:00\" \/>\n<meta property=\"og:image\" content=\"https:\/\/worklaser.pt\/wp-content\/uploads\/2023\/12\/1.jpg\" \/>\n\t<meta property=\"og:image:width\" content=\"600\" \/>\n\t<meta property=\"og:image:height\" content=\"469\" \/>\n<meta property=\"fb:app_id\" content=\"275000290498322\" \/>\n<meta name=\"twitter:card\" content=\"summary_large_image\" \/>\n<script type=\"application\/ld+json\" class=\"yoast-schema-graph\">{\"@context\":\"https:\/\/schema.org\",\"@graph\":[{\"@type\":\"WebSite\",\"@id\":\"https:\/\/worklaser.pt\/#website\",\"url\":\"https:\/\/worklaser.pt\/\",\"name\":\"WorkLaser\",\"description\":\"Loja Online\",\"potentialAction\":[{\"@type\":\"SearchAction\",\"target\":\"https:\/\/worklaser.pt\/?s={search_term_string}\",\"query-input\":\"required name=search_term_string\"}],\"inLanguage\":\"pt-PT\"},{\"@type\":\"ImageObject\",\"@id\":\"https:\/\/worklaser.pt\/?product=convite-madrinha-4#primaryimage\",\"inLanguage\":\"pt-PT\",\"url\":\"https:\/\/worklaser.pt\/wp-content\/uploads\/2023\/12\/1.jpg\",\"width\":600,\"height\":469},{\"@type\":\"WebPage\",\"@id\":\"https:\/\/worklaser.pt\/?product=convite-madrinha-4#webpage\",\"url\":\"https:\/\/worklaser.pt\/?product=convite-madrinha-4\",\"name\":\"Caixa Madrinha 4 - WorkLaser\",\"isPartOf\":{\"@id\":\"https:\/\/worklaser.pt\/#website\"},\"primaryImageOfPage\":{\"@id\":\"https:\/\/worklaser.pt\/?product=convite-madrinha-4#primaryimage\"},\"datePublished\":\"2023-12-29T18:10:43+00:00\",\"dateModified\":\"2024-03-07T18:38:33+00:00\",\"inLanguage\":\"pt-PT\",\"potentialAction\":[{\"@type\":\"ReadAction\",\"target\":[\"https:\/\/worklaser.pt\/?product=convite-madrinha-4\"]}]}]}<\/script>\n<!-- \/ Yoast SEO plugin. -->","builder_content":"","_links":{"self":[{"href":"https:\/\/worklaser.pt\/index.php?rest_route=\/wp\/v2\/product\/12693"}],"collection":[{"href":"https:\/\/worklaser.pt\/index.php?rest_route=\/wp\/v2\/product"}],"about":[{"href":"https:\/\/worklaser.pt\/index.php?rest_route=\/wp\/v2\/types\/product"}],"replies":[{"embeddable":true,"href":"https:\/\/worklaser.pt\/index.php?rest_route=%2Fwp%2Fv2%2Fcomments&post=12693"}],"wp:featuredmedia":[{"embeddable":true,"href":"https:\/\/worklaser.pt\/index.php?rest_route=\/wp\/v2\/media\/12694"}],"wp:attachment":[{"href":"https:\/\/worklaser.pt\/index.php?rest_route=%2Fwp%2Fv2%2Fmedia&parent=12693"}],"wp:term":[{"taxonomy":"product_cat","embeddable":true,"href":"https:\/\/worklaser.pt\/index.php?rest_route=%2Fwp%2Fv2%2Fproduct_cat&post=12693"},{"taxonomy":"product_tag","embeddable":true,"href":"https:\/\/worklaser.pt\/index.php?rest_route=%2Fwp%2Fv2%2Fproduct_tag&post=12693"}],"curies":[{"name":"wp","href":"https:\/\/api.w.org\/{rel}","templated":true}]}}