{"id":12580,"date":"2023-10-23T18:25:35","date_gmt":"2023-10-23T18:25:35","guid":{"rendered":"https:\/\/worklaser.pt\/?post_type=product&#038;p=12580"},"modified":"2024-11-20T15:30:36","modified_gmt":"2024-11-20T15:30:36","slug":"presepio-de-natal","status":"publish","type":"product","link":"https:\/\/worklaser.pt\/?product=presepio-de-natal","title":{"rendered":"Pres\u00e9pio de Natal"},"content":{"rendered":"","protected":false},"excerpt":{"rendered":"<p>Pres\u00e9pio em madeira com base de apoio e:<br \/>\n&#8211; 11 Figuras (Sagrada Fam\u00edlia, burro, vaca, 3 reis magos e 3 camelos)<br \/>\n&#8211; 1 Cabana<\/p>\n<p>Tamanho: 31 x 12 x 11 cm<\/p>\n<p>Pres\u00e9pio ideal para as crian\u00e7as, como \u00e9 de madeira podem brincar com as figuras sem correr o risco de partir.<\/p>\n<p>Tempo de entrega 10-12 dias \u00fateis<\/p>\n","protected":false},"featured_media":12581,"comment_status":"open","ping_status":"closed","template":"","meta":[],"product_cat":[122],"product_tag":[],"yoast_head":"<!-- This site is optimized with the Yoast SEO plugin v14.5 - https:\/\/yoast.com\/wordpress\/plugins\/seo\/ -->\n<title>Pres\u00e9pio de Natal - WorkLaser<\/title>\n<meta name=\"robots\" content=\"index, follow\" \/>\n<meta name=\"googlebot\" content=\"index, follow, max-snippet:-1, max-image-preview:large, max-video-preview:-1\" \/>\n<meta name=\"bingbot\" content=\"index, follow, max-snippet:-1, max-image-preview:large, max-video-preview:-1\" \/>\n<link rel=\"canonical\" href=\"https:\/\/worklaser.pt\/?product=presepio-de-natal\" \/>\n<meta property=\"og:locale\" content=\"pt_PT\" \/>\n<meta property=\"og:type\" content=\"article\" \/>\n<meta property=\"og:title\" content=\"Pres\u00e9pio de Natal - WorkLaser\" \/>\n<meta property=\"og:description\" content=\"Pres\u00e9pio em madeira com base de apoio e: - 11 Figuras (Sagrada Fam\u00edlia, burro, vaca, 3 reis magos e 3 camelos) - 1 Cabana  Tamanho: 31 x 12 x 11 cm  Pres\u00e9pio ideal para as crian\u00e7as, como \u00e9 de madeira podem brincar com as figuras sem correr o risco de partir.  Tempo de entrega 10-12 dias \u00fateis\" \/>\n<meta property=\"og:url\" content=\"https:\/\/worklaser.pt\/?product=presepio-de-natal\" \/>\n<meta property=\"og:site_name\" content=\"WorkLaser\" \/>\n<meta property=\"article:publisher\" content=\"https:\/\/www.facebook.com\/worklaser\" \/>\n<meta property=\"article:modified_time\" content=\"2024-11-20T15:30:36+00:00\" \/>\n<meta property=\"og:image\" content=\"https:\/\/worklaser.pt\/wp-content\/uploads\/2023\/10\/presepio-1.jpg\" \/>\n\t<meta property=\"og:image:width\" content=\"600\" \/>\n\t<meta property=\"og:image:height\" content=\"469\" \/>\n<meta property=\"fb:app_id\" content=\"275000290498322\" \/>\n<meta name=\"twitter:card\" content=\"summary_large_image\" \/>\n<script type=\"application\/ld+json\" class=\"yoast-schema-graph\">{\"@context\":\"https:\/\/schema.org\",\"@graph\":[{\"@type\":\"WebSite\",\"@id\":\"https:\/\/worklaser.pt\/#website\",\"url\":\"https:\/\/worklaser.pt\/\",\"name\":\"WorkLaser\",\"description\":\"Loja Online\",\"potentialAction\":[{\"@type\":\"SearchAction\",\"target\":\"https:\/\/worklaser.pt\/?s={search_term_string}\",\"query-input\":\"required name=search_term_string\"}],\"inLanguage\":\"pt-PT\"},{\"@type\":\"ImageObject\",\"@id\":\"https:\/\/worklaser.pt\/?product=presepio-de-natal#primaryimage\",\"inLanguage\":\"pt-PT\",\"url\":\"https:\/\/worklaser.pt\/wp-content\/uploads\/2023\/10\/presepio-1.jpg\",\"width\":600,\"height\":469},{\"@type\":\"WebPage\",\"@id\":\"https:\/\/worklaser.pt\/?product=presepio-de-natal#webpage\",\"url\":\"https:\/\/worklaser.pt\/?product=presepio-de-natal\",\"name\":\"Pres\\u00e9pio de Natal - WorkLaser\",\"isPartOf\":{\"@id\":\"https:\/\/worklaser.pt\/#website\"},\"primaryImageOfPage\":{\"@id\":\"https:\/\/worklaser.pt\/?product=presepio-de-natal#primaryimage\"},\"datePublished\":\"2023-10-23T18:25:35+00:00\",\"dateModified\":\"2024-11-20T15:30:36+00:00\",\"inLanguage\":\"pt-PT\",\"potentialAction\":[{\"@type\":\"ReadAction\",\"target\":[\"https:\/\/worklaser.pt\/?product=presepio-de-natal\"]}]}]}<\/script>\n<!-- \/ Yoast SEO plugin. -->","builder_content":"","_links":{"self":[{"href":"https:\/\/worklaser.pt\/index.php?rest_route=\/wp\/v2\/product\/12580"}],"collection":[{"href":"https:\/\/worklaser.pt\/index.php?rest_route=\/wp\/v2\/product"}],"about":[{"href":"https:\/\/worklaser.pt\/index.php?rest_route=\/wp\/v2\/types\/product"}],"replies":[{"embeddable":true,"href":"https:\/\/worklaser.pt\/index.php?rest_route=%2Fwp%2Fv2%2Fcomments&post=12580"}],"wp:featuredmedia":[{"embeddable":true,"href":"https:\/\/worklaser.pt\/index.php?rest_route=\/wp\/v2\/media\/12581"}],"wp:attachment":[{"href":"https:\/\/worklaser.pt\/index.php?rest_route=%2Fwp%2Fv2%2Fmedia&parent=12580"}],"wp:term":[{"taxonomy":"product_cat","embeddable":true,"href":"https:\/\/worklaser.pt\/index.php?rest_route=%2Fwp%2Fv2%2Fproduct_cat&post=12580"},{"taxonomy":"product_tag","embeddable":true,"href":"https:\/\/worklaser.pt\/index.php?rest_route=%2Fwp%2Fv2%2Fproduct_tag&post=12580"}],"curies":[{"name":"wp","href":"https:\/\/api.w.org\/{rel}","templated":true}]}}