{"id":1253,"date":"2019-10-28T18:11:17","date_gmt":"2019-10-28T18:11:17","guid":{"rendered":"http:\/\/worklaser.pt\/?post_type=product&#038;p=1253"},"modified":"2024-02-22T16:50:02","modified_gmt":"2024-02-22T16:50:02","slug":"relogio-mae-3","status":"publish","type":"product","link":"https:\/\/worklaser.pt\/?product=relogio-mae-3","title":{"rendered":"Pe\u00e7a c\/ Fotograva\u00e7\u00e3o"},"content":{"rendered":"","protected":false},"excerpt":{"rendered":"<p>Tempo de entrega: 10-12 dias \u00fateis<\/p>\n<p>Pe\u00e7a em mdf branco com grava\u00e7\u00e3o a laser de uma fotografia e personaliza\u00e7\u00e3o de nome.<br \/>\nDeve anexar a fotografia ao finalizar a sua compra.<br \/>\nTamanho 21cmx16cm<\/p>\n<p>&nbsp;<\/p>\n","protected":false},"featured_media":8985,"comment_status":"open","ping_status":"closed","template":"","meta":[],"product_cat":[52,113],"product_tag":[],"yoast_head":"<!-- This site is optimized with the Yoast SEO plugin v14.5 - https:\/\/yoast.com\/wordpress\/plugins\/seo\/ -->\n<title>Pe\u00e7a c\/ Fotograva\u00e7\u00e3o - WorkLaser<\/title>\n<meta name=\"robots\" content=\"index, follow\" \/>\n<meta name=\"googlebot\" content=\"index, follow, max-snippet:-1, max-image-preview:large, max-video-preview:-1\" \/>\n<meta name=\"bingbot\" content=\"index, follow, max-snippet:-1, max-image-preview:large, max-video-preview:-1\" \/>\n<link rel=\"canonical\" href=\"https:\/\/worklaser.pt\/?product=relogio-mae-3\" \/>\n<meta property=\"og:locale\" content=\"pt_PT\" \/>\n<meta property=\"og:type\" content=\"article\" \/>\n<meta property=\"og:title\" content=\"Pe\u00e7a c\/ Fotograva\u00e7\u00e3o - WorkLaser\" \/>\n<meta property=\"og:description\" content=\"Tempo de entrega: 10-12 dias \u00fateis  Pe\u00e7a em mdf branco com grava\u00e7\u00e3o a laser de uma fotografia e personaliza\u00e7\u00e3o de nome. Deve anexar a fotografia ao finalizar a sua compra. Tamanho 21cmx16cm  &nbsp;\" \/>\n<meta property=\"og:url\" content=\"https:\/\/worklaser.pt\/?product=relogio-mae-3\" \/>\n<meta property=\"og:site_name\" content=\"WorkLaser\" \/>\n<meta property=\"article:publisher\" content=\"https:\/\/www.facebook.com\/worklaser\" \/>\n<meta property=\"article:modified_time\" content=\"2024-02-22T16:50:02+00:00\" \/>\n<meta property=\"og:image\" content=\"https:\/\/worklaser.pt\/wp-content\/uploads\/2021\/03\/moldura-m\u00e3e.jpg\" \/>\n\t<meta property=\"og:image:width\" content=\"492\" \/>\n\t<meta property=\"og:image:height\" content=\"384\" \/>\n<meta property=\"fb:app_id\" content=\"275000290498322\" \/>\n<meta name=\"twitter:card\" content=\"summary_large_image\" \/>\n<script type=\"application\/ld+json\" class=\"yoast-schema-graph\">{\"@context\":\"https:\/\/schema.org\",\"@graph\":[{\"@type\":\"WebSite\",\"@id\":\"https:\/\/worklaser.pt\/#website\",\"url\":\"https:\/\/worklaser.pt\/\",\"name\":\"WorkLaser\",\"description\":\"Loja Online\",\"potentialAction\":[{\"@type\":\"SearchAction\",\"target\":\"https:\/\/worklaser.pt\/?s={search_term_string}\",\"query-input\":\"required name=search_term_string\"}],\"inLanguage\":\"pt-PT\"},{\"@type\":\"ImageObject\",\"@id\":\"https:\/\/worklaser.pt\/?product=relogio-mae-3#primaryimage\",\"inLanguage\":\"pt-PT\",\"url\":\"https:\/\/worklaser.pt\/wp-content\/uploads\/2021\/03\/moldura-m\\u00e3e.jpg\",\"width\":492,\"height\":384},{\"@type\":\"WebPage\",\"@id\":\"https:\/\/worklaser.pt\/?product=relogio-mae-3#webpage\",\"url\":\"https:\/\/worklaser.pt\/?product=relogio-mae-3\",\"name\":\"Pe\\u00e7a c\/ Fotograva\\u00e7\\u00e3o - WorkLaser\",\"isPartOf\":{\"@id\":\"https:\/\/worklaser.pt\/#website\"},\"primaryImageOfPage\":{\"@id\":\"https:\/\/worklaser.pt\/?product=relogio-mae-3#primaryimage\"},\"datePublished\":\"2019-10-28T18:11:17+00:00\",\"dateModified\":\"2024-02-22T16:50:02+00:00\",\"inLanguage\":\"pt-PT\",\"potentialAction\":[{\"@type\":\"ReadAction\",\"target\":[\"https:\/\/worklaser.pt\/?product=relogio-mae-3\"]}]}]}<\/script>\n<!-- \/ Yoast SEO plugin. -->","builder_content":"","_links":{"self":[{"href":"https:\/\/worklaser.pt\/index.php?rest_route=\/wp\/v2\/product\/1253"}],"collection":[{"href":"https:\/\/worklaser.pt\/index.php?rest_route=\/wp\/v2\/product"}],"about":[{"href":"https:\/\/worklaser.pt\/index.php?rest_route=\/wp\/v2\/types\/product"}],"replies":[{"embeddable":true,"href":"https:\/\/worklaser.pt\/index.php?rest_route=%2Fwp%2Fv2%2Fcomments&post=1253"}],"wp:featuredmedia":[{"embeddable":true,"href":"https:\/\/worklaser.pt\/index.php?rest_route=\/wp\/v2\/media\/8985"}],"wp:attachment":[{"href":"https:\/\/worklaser.pt\/index.php?rest_route=%2Fwp%2Fv2%2Fmedia&parent=1253"}],"wp:term":[{"taxonomy":"product_cat","embeddable":true,"href":"https:\/\/worklaser.pt\/index.php?rest_route=%2Fwp%2Fv2%2Fproduct_cat&post=1253"},{"taxonomy":"product_tag","embeddable":true,"href":"https:\/\/worklaser.pt\/index.php?rest_route=%2Fwp%2Fv2%2Fproduct_tag&post=1253"}],"curies":[{"name":"wp","href":"https:\/\/api.w.org\/{rel}","templated":true}]}}