{"id":12472,"date":"2023-10-15T16:03:37","date_gmt":"2023-10-15T16:03:37","guid":{"rendered":"https:\/\/worklaser.pt\/?post_type=product&#038;p=12472"},"modified":"2024-10-16T13:44:26","modified_gmt":"2024-10-16T13:44:26","slug":"caixa-padrinhos-4","status":"publish","type":"product","link":"https:\/\/worklaser.pt\/?product=caixa-padrinhos-4","title":{"rendered":"Caixa Padrinhos 4"},"content":{"rendered":"","protected":false},"excerpt":{"rendered":"<p>Caixa em madeira natural:<br \/>\n&#8211; Personalizada na tampa exterior com nomes e data<\/p>\n<p>&#8211; Convite em papel com frase personalizada<\/p>\n<p>&#8211; Pode escolher os 3 produtos a colocar na caixa<\/p>\n<p>A caneta, o pente, o abre capsulas e o porta velas s\u00e3o artigos personalizados com o nome do padrinho ou da madrinha.<br \/>\nO espumante e o vinho do porto s\u00e3o de 20cl<br \/>\nO Mateus ros\u00e9 \u00e9 de 25cl<\/p>\n<p>Tamanho da caixa: 24 x 14 x 8,5cm<br \/>\nTempo de entrega: 15-20 dias \u00fateis<\/p>\n","protected":false},"featured_media":12470,"comment_status":"open","ping_status":"closed","template":"","meta":[],"product_cat":[48,65],"product_tag":[],"yoast_head":"<!-- This site is optimized with the Yoast SEO plugin v14.5 - https:\/\/yoast.com\/wordpress\/plugins\/seo\/ -->\n<title>Caixa Padrinhos 4 - WorkLaser<\/title>\n<meta name=\"robots\" content=\"index, follow\" \/>\n<meta name=\"googlebot\" content=\"index, follow, max-snippet:-1, max-image-preview:large, max-video-preview:-1\" \/>\n<meta name=\"bingbot\" content=\"index, follow, max-snippet:-1, max-image-preview:large, max-video-preview:-1\" \/>\n<link rel=\"canonical\" href=\"https:\/\/worklaser.pt\/?product=caixa-padrinhos-4\" \/>\n<meta property=\"og:locale\" content=\"pt_PT\" \/>\n<meta property=\"og:type\" content=\"article\" \/>\n<meta property=\"og:title\" content=\"Caixa Padrinhos 4 - WorkLaser\" \/>\n<meta property=\"og:description\" content=\"Caixa em madeira natural: - Personalizada na tampa exterior com nomes e data  - Convite em papel com frase personalizada  - Pode escolher os 3 produtos a colocar na caixa  A caneta, o pente, o abre capsulas e o porta velas s\u00e3o artigos personalizados com o nome do padrinho ou da madrinha. O espumante e o vinho do porto s\u00e3o de 20cl O Mateus ros\u00e9 \u00e9 de 25cl  Tamanho da caixa: 24 x 14 x 8,5cm Tempo de entrega: 15-20 dias \u00fateis\" \/>\n<meta property=\"og:url\" content=\"https:\/\/worklaser.pt\/?product=caixa-padrinhos-4\" \/>\n<meta property=\"og:site_name\" content=\"WorkLaser\" \/>\n<meta property=\"article:publisher\" content=\"https:\/\/www.facebook.com\/worklaser\" \/>\n<meta property=\"article:modified_time\" content=\"2024-10-16T13:44:26+00:00\" \/>\n<meta property=\"og:image\" content=\"https:\/\/worklaser.pt\/wp-content\/uploads\/2023\/10\/4-1.jpg\" \/>\n\t<meta property=\"og:image:width\" content=\"600\" \/>\n\t<meta property=\"og:image:height\" content=\"469\" \/>\n<meta property=\"fb:app_id\" content=\"275000290498322\" \/>\n<meta name=\"twitter:card\" content=\"summary_large_image\" \/>\n<script type=\"application\/ld+json\" class=\"yoast-schema-graph\">{\"@context\":\"https:\/\/schema.org\",\"@graph\":[{\"@type\":\"WebSite\",\"@id\":\"https:\/\/worklaser.pt\/#website\",\"url\":\"https:\/\/worklaser.pt\/\",\"name\":\"WorkLaser\",\"description\":\"Loja Online\",\"potentialAction\":[{\"@type\":\"SearchAction\",\"target\":\"https:\/\/worklaser.pt\/?s={search_term_string}\",\"query-input\":\"required name=search_term_string\"}],\"inLanguage\":\"pt-PT\"},{\"@type\":\"ImageObject\",\"@id\":\"https:\/\/worklaser.pt\/?product=caixa-padrinhos-4#primaryimage\",\"inLanguage\":\"pt-PT\",\"url\":\"https:\/\/worklaser.pt\/wp-content\/uploads\/2023\/10\/4-1.jpg\",\"width\":600,\"height\":469},{\"@type\":\"WebPage\",\"@id\":\"https:\/\/worklaser.pt\/?product=caixa-padrinhos-4#webpage\",\"url\":\"https:\/\/worklaser.pt\/?product=caixa-padrinhos-4\",\"name\":\"Caixa Padrinhos 4 - WorkLaser\",\"isPartOf\":{\"@id\":\"https:\/\/worklaser.pt\/#website\"},\"primaryImageOfPage\":{\"@id\":\"https:\/\/worklaser.pt\/?product=caixa-padrinhos-4#primaryimage\"},\"datePublished\":\"2023-10-15T16:03:37+00:00\",\"dateModified\":\"2024-10-16T13:44:26+00:00\",\"inLanguage\":\"pt-PT\",\"potentialAction\":[{\"@type\":\"ReadAction\",\"target\":[\"https:\/\/worklaser.pt\/?product=caixa-padrinhos-4\"]}]}]}<\/script>\n<!-- \/ Yoast SEO plugin. -->","builder_content":"","_links":{"self":[{"href":"https:\/\/worklaser.pt\/index.php?rest_route=\/wp\/v2\/product\/12472"}],"collection":[{"href":"https:\/\/worklaser.pt\/index.php?rest_route=\/wp\/v2\/product"}],"about":[{"href":"https:\/\/worklaser.pt\/index.php?rest_route=\/wp\/v2\/types\/product"}],"replies":[{"embeddable":true,"href":"https:\/\/worklaser.pt\/index.php?rest_route=%2Fwp%2Fv2%2Fcomments&post=12472"}],"wp:featuredmedia":[{"embeddable":true,"href":"https:\/\/worklaser.pt\/index.php?rest_route=\/wp\/v2\/media\/12470"}],"wp:attachment":[{"href":"https:\/\/worklaser.pt\/index.php?rest_route=%2Fwp%2Fv2%2Fmedia&parent=12472"}],"wp:term":[{"taxonomy":"product_cat","embeddable":true,"href":"https:\/\/worklaser.pt\/index.php?rest_route=%2Fwp%2Fv2%2Fproduct_cat&post=12472"},{"taxonomy":"product_tag","embeddable":true,"href":"https:\/\/worklaser.pt\/index.php?rest_route=%2Fwp%2Fv2%2Fproduct_tag&post=12472"}],"curies":[{"name":"wp","href":"https:\/\/api.w.org\/{rel}","templated":true}]}}