{"id":12148,"date":"2023-03-23T19:26:59","date_gmt":"2023-03-23T19:26:59","guid":{"rendered":"https:\/\/worklaser.pt\/?post_type=product&#038;p=12148"},"modified":"2023-03-25T16:24:23","modified_gmt":"2023-03-25T16:24:23","slug":"marcador-de-lugar-3","status":"publish","type":"product","link":"https:\/\/worklaser.pt\/?product=marcador-de-lugar-3","title":{"rendered":"Marcador de Lugar 3"},"content":{"rendered":"","protected":false},"excerpt":{"rendered":"<p>Marcador de lugar em madeira clara.<\/p>\n<p>Personalizado com:<br \/>\n-nome do convidado<\/p>\n<p>Tamanho: 7,5cm x 2,5cm<\/p>\n<p>Tempo de fabrico e entrega: 20-25 dias \u00fateis<br \/>\nEncomenda m\u00ednima 10 unidade<\/p>\n<p>Pre\u00e7os:<br \/>\n10 a 29 unidades: 1.80\u20ac cada<br \/>\n30 a 59 unidades: 1.50\u20ac cada<br \/>\n60 a 99 unidades: 1.35\u20ac cada<br \/>\n100 ou mais unidades: 1.25\u20ac cada<\/p>\n<p>Quando finalizar a encomenda envie-nos os nomes dos convidados por email.<\/p>\n","protected":false},"featured_media":12117,"comment_status":"open","ping_status":"closed","template":"","meta":[],"product_cat":[48,66],"product_tag":[],"yoast_head":"<!-- This site is optimized with the Yoast SEO plugin v14.5 - https:\/\/yoast.com\/wordpress\/plugins\/seo\/ -->\n<title>Marcador de Lugar 3 - WorkLaser<\/title>\n<meta name=\"robots\" content=\"index, follow\" \/>\n<meta name=\"googlebot\" content=\"index, follow, max-snippet:-1, max-image-preview:large, max-video-preview:-1\" \/>\n<meta name=\"bingbot\" content=\"index, follow, max-snippet:-1, max-image-preview:large, max-video-preview:-1\" \/>\n<link rel=\"canonical\" href=\"https:\/\/worklaser.pt\/?product=marcador-de-lugar-3\" \/>\n<meta property=\"og:locale\" content=\"pt_PT\" \/>\n<meta property=\"og:type\" content=\"article\" \/>\n<meta property=\"og:title\" content=\"Marcador de Lugar 3 - WorkLaser\" \/>\n<meta property=\"og:description\" content=\"Marcador de lugar em madeira clara.  Personalizado com: -nome do convidado  Tamanho: 7,5cm x 2,5cm  Tempo de fabrico e entrega: 20-25 dias \u00fateis Encomenda m\u00ednima 10 unidade  Pre\u00e7os: 10 a 29 unidades: 1.80\u20ac cada 30 a 59 unidades: 1.50\u20ac cada 60 a 99 unidades: 1.35\u20ac cada 100 ou mais unidades: 1.25\u20ac cada  Quando finalizar a encomenda envie-nos os nomes dos convidados por email.\" \/>\n<meta property=\"og:url\" content=\"https:\/\/worklaser.pt\/?product=marcador-de-lugar-3\" \/>\n<meta property=\"og:site_name\" content=\"WorkLaser\" \/>\n<meta property=\"article:publisher\" content=\"https:\/\/www.facebook.com\/worklaser\" \/>\n<meta property=\"article:modified_time\" content=\"2023-03-25T16:24:23+00:00\" \/>\n<meta property=\"og:image\" content=\"https:\/\/worklaser.pt\/wp-content\/uploads\/2023\/03\/5-1.jpg\" \/>\n\t<meta property=\"og:image:width\" content=\"600\" \/>\n\t<meta property=\"og:image:height\" content=\"469\" \/>\n<meta property=\"fb:app_id\" content=\"275000290498322\" \/>\n<meta name=\"twitter:card\" content=\"summary_large_image\" \/>\n<script type=\"application\/ld+json\" class=\"yoast-schema-graph\">{\"@context\":\"https:\/\/schema.org\",\"@graph\":[{\"@type\":\"WebSite\",\"@id\":\"https:\/\/worklaser.pt\/#website\",\"url\":\"https:\/\/worklaser.pt\/\",\"name\":\"WorkLaser\",\"description\":\"Loja Online\",\"potentialAction\":[{\"@type\":\"SearchAction\",\"target\":\"https:\/\/worklaser.pt\/?s={search_term_string}\",\"query-input\":\"required name=search_term_string\"}],\"inLanguage\":\"pt-PT\"},{\"@type\":\"ImageObject\",\"@id\":\"https:\/\/worklaser.pt\/?product=marcador-de-lugar-3#primaryimage\",\"inLanguage\":\"pt-PT\",\"url\":\"https:\/\/worklaser.pt\/wp-content\/uploads\/2023\/03\/5-1.jpg\",\"width\":600,\"height\":469},{\"@type\":\"WebPage\",\"@id\":\"https:\/\/worklaser.pt\/?product=marcador-de-lugar-3#webpage\",\"url\":\"https:\/\/worklaser.pt\/?product=marcador-de-lugar-3\",\"name\":\"Marcador de Lugar 3 - WorkLaser\",\"isPartOf\":{\"@id\":\"https:\/\/worklaser.pt\/#website\"},\"primaryImageOfPage\":{\"@id\":\"https:\/\/worklaser.pt\/?product=marcador-de-lugar-3#primaryimage\"},\"datePublished\":\"2023-03-23T19:26:59+00:00\",\"dateModified\":\"2023-03-25T16:24:23+00:00\",\"inLanguage\":\"pt-PT\",\"potentialAction\":[{\"@type\":\"ReadAction\",\"target\":[\"https:\/\/worklaser.pt\/?product=marcador-de-lugar-3\"]}]}]}<\/script>\n<!-- \/ Yoast SEO plugin. -->","builder_content":"","_links":{"self":[{"href":"https:\/\/worklaser.pt\/index.php?rest_route=\/wp\/v2\/product\/12148"}],"collection":[{"href":"https:\/\/worklaser.pt\/index.php?rest_route=\/wp\/v2\/product"}],"about":[{"href":"https:\/\/worklaser.pt\/index.php?rest_route=\/wp\/v2\/types\/product"}],"replies":[{"embeddable":true,"href":"https:\/\/worklaser.pt\/index.php?rest_route=%2Fwp%2Fv2%2Fcomments&post=12148"}],"wp:featuredmedia":[{"embeddable":true,"href":"https:\/\/worklaser.pt\/index.php?rest_route=\/wp\/v2\/media\/12117"}],"wp:attachment":[{"href":"https:\/\/worklaser.pt\/index.php?rest_route=%2Fwp%2Fv2%2Fmedia&parent=12148"}],"wp:term":[{"taxonomy":"product_cat","embeddable":true,"href":"https:\/\/worklaser.pt\/index.php?rest_route=%2Fwp%2Fv2%2Fproduct_cat&post=12148"},{"taxonomy":"product_tag","embeddable":true,"href":"https:\/\/worklaser.pt\/index.php?rest_route=%2Fwp%2Fv2%2Fproduct_tag&post=12148"}],"curies":[{"name":"wp","href":"https:\/\/api.w.org\/{rel}","templated":true}]}}