{"id":12130,"date":"2023-03-22T19:30:40","date_gmt":"2023-03-22T19:30:40","guid":{"rendered":"https:\/\/worklaser.pt\/?post_type=product&#038;p=12130"},"modified":"2024-01-09T09:39:26","modified_gmt":"2024-01-09T09:39:26","slug":"marcador-de-lugar-1","status":"publish","type":"product","link":"https:\/\/worklaser.pt\/?product=marcador-de-lugar-1","title":{"rendered":"Marcador de Lugar 1"},"content":{"rendered":"","protected":false},"excerpt":{"rendered":"<p>Marcador de lugar formato cora\u00e7\u00e3o em madeira clara.<\/p>\n<p>Personalizado com:<br \/>\n-nome do convidado<\/p>\n<p>-nome dos noivos<\/p>\n<p>-data da cerim\u00f3nia<\/p>\n<p>Tamanho: 6,5cm x 6cm<\/p>\n<p>Possibilidade de acrescentar \u00edman na parte de tr\u00e1s ficando desta forma tamb\u00e9m a lembran\u00e7a de casamento.<br \/>\nTempo de fabrico e entrega: 20-25 dias \u00fateis<br \/>\nEncomenda m\u00ednima 10 unidade<\/p>\n<p>Pre\u00e7os:<br \/>\n10 a 29 unidades: 2,25\u20ac cada<br \/>\n30 a 59 unidades: 1.85\u20ac cada<br \/>\n60 a 99 unidades: 1.75\u20ac cada<br \/>\n100 ou mais unidades: 1.65\u20ac cada<\/p>\n<p>A coloca\u00e7\u00e3o de \u00edman acresce 0.35\u20ac a cada cora\u00e7\u00e3o<\/p>\n<p>Quando finalizar a encomenda envie-nos os nomes dos convidados por email.<\/p>\n","protected":false},"featured_media":12114,"comment_status":"open","ping_status":"closed","template":"","meta":[],"product_cat":[48,66],"product_tag":[],"yoast_head":"<!-- This site is optimized with the Yoast SEO plugin v14.5 - https:\/\/yoast.com\/wordpress\/plugins\/seo\/ -->\n<title>Marcador de Lugar 1 - WorkLaser<\/title>\n<meta name=\"robots\" content=\"index, follow\" \/>\n<meta name=\"googlebot\" content=\"index, follow, max-snippet:-1, max-image-preview:large, max-video-preview:-1\" \/>\n<meta name=\"bingbot\" content=\"index, follow, max-snippet:-1, max-image-preview:large, max-video-preview:-1\" \/>\n<link rel=\"canonical\" href=\"https:\/\/worklaser.pt\/?product=marcador-de-lugar-1\" \/>\n<meta property=\"og:locale\" content=\"pt_PT\" \/>\n<meta property=\"og:type\" content=\"article\" \/>\n<meta property=\"og:title\" content=\"Marcador de Lugar 1 - WorkLaser\" \/>\n<meta property=\"og:description\" content=\"Marcador de lugar formato cora\u00e7\u00e3o em madeira clara.  Personalizado com: -nome do convidado  -nome dos noivos  -data da cerim\u00f3nia  Tamanho: 6,5cm x 6cm  Possibilidade de acrescentar \u00edman na parte de tr\u00e1s ficando desta forma tamb\u00e9m a lembran\u00e7a de casamento. Tempo de fabrico e entrega: 20-25 dias \u00fateis Encomenda m\u00ednima 10 unidade  Pre\u00e7os: 10 a 29 unidades: 2,25\u20ac cada 30 a 59 unidades: 1.85\u20ac cada 60 a 99 unidades: 1.75\u20ac cada 100 ou mais unidades: 1.65\u20ac cada  A coloca\u00e7\u00e3o de \u00edman acresce 0.35\u20ac a cada cora\u00e7\u00e3o  Quando finalizar a encomenda envie-nos os nomes dos convidados por email.\" \/>\n<meta property=\"og:url\" content=\"https:\/\/worklaser.pt\/?product=marcador-de-lugar-1\" \/>\n<meta property=\"og:site_name\" content=\"WorkLaser\" \/>\n<meta property=\"article:publisher\" content=\"https:\/\/www.facebook.com\/worklaser\" \/>\n<meta property=\"article:modified_time\" content=\"2024-01-09T09:39:26+00:00\" \/>\n<meta property=\"og:image\" content=\"https:\/\/worklaser.pt\/wp-content\/uploads\/2023\/03\/2.jpg\" \/>\n\t<meta property=\"og:image:width\" content=\"600\" \/>\n\t<meta property=\"og:image:height\" content=\"469\" \/>\n<meta property=\"fb:app_id\" content=\"275000290498322\" \/>\n<meta name=\"twitter:card\" content=\"summary_large_image\" \/>\n<script type=\"application\/ld+json\" class=\"yoast-schema-graph\">{\"@context\":\"https:\/\/schema.org\",\"@graph\":[{\"@type\":\"WebSite\",\"@id\":\"https:\/\/worklaser.pt\/#website\",\"url\":\"https:\/\/worklaser.pt\/\",\"name\":\"WorkLaser\",\"description\":\"Loja Online\",\"potentialAction\":[{\"@type\":\"SearchAction\",\"target\":\"https:\/\/worklaser.pt\/?s={search_term_string}\",\"query-input\":\"required name=search_term_string\"}],\"inLanguage\":\"pt-PT\"},{\"@type\":\"ImageObject\",\"@id\":\"https:\/\/worklaser.pt\/?product=marcador-de-lugar-1#primaryimage\",\"inLanguage\":\"pt-PT\",\"url\":\"https:\/\/worklaser.pt\/wp-content\/uploads\/2023\/03\/2.jpg\",\"width\":600,\"height\":469},{\"@type\":\"WebPage\",\"@id\":\"https:\/\/worklaser.pt\/?product=marcador-de-lugar-1#webpage\",\"url\":\"https:\/\/worklaser.pt\/?product=marcador-de-lugar-1\",\"name\":\"Marcador de Lugar 1 - WorkLaser\",\"isPartOf\":{\"@id\":\"https:\/\/worklaser.pt\/#website\"},\"primaryImageOfPage\":{\"@id\":\"https:\/\/worklaser.pt\/?product=marcador-de-lugar-1#primaryimage\"},\"datePublished\":\"2023-03-22T19:30:40+00:00\",\"dateModified\":\"2024-01-09T09:39:26+00:00\",\"inLanguage\":\"pt-PT\",\"potentialAction\":[{\"@type\":\"ReadAction\",\"target\":[\"https:\/\/worklaser.pt\/?product=marcador-de-lugar-1\"]}]}]}<\/script>\n<!-- \/ Yoast SEO plugin. -->","builder_content":"","_links":{"self":[{"href":"https:\/\/worklaser.pt\/index.php?rest_route=\/wp\/v2\/product\/12130"}],"collection":[{"href":"https:\/\/worklaser.pt\/index.php?rest_route=\/wp\/v2\/product"}],"about":[{"href":"https:\/\/worklaser.pt\/index.php?rest_route=\/wp\/v2\/types\/product"}],"replies":[{"embeddable":true,"href":"https:\/\/worklaser.pt\/index.php?rest_route=%2Fwp%2Fv2%2Fcomments&post=12130"}],"wp:featuredmedia":[{"embeddable":true,"href":"https:\/\/worklaser.pt\/index.php?rest_route=\/wp\/v2\/media\/12114"}],"wp:attachment":[{"href":"https:\/\/worklaser.pt\/index.php?rest_route=%2Fwp%2Fv2%2Fmedia&parent=12130"}],"wp:term":[{"taxonomy":"product_cat","embeddable":true,"href":"https:\/\/worklaser.pt\/index.php?rest_route=%2Fwp%2Fv2%2Fproduct_cat&post=12130"},{"taxonomy":"product_tag","embeddable":true,"href":"https:\/\/worklaser.pt\/index.php?rest_route=%2Fwp%2Fv2%2Fproduct_tag&post=12130"}],"curies":[{"name":"wp","href":"https:\/\/api.w.org\/{rel}","templated":true}]}}