{"id":12004,"date":"2023-01-17T19:14:43","date_gmt":"2023-01-17T19:14:43","guid":{"rendered":"https:\/\/worklaser.pt\/?post_type=product&#038;p=12004"},"modified":"2023-01-23T12:18:30","modified_gmt":"2023-01-23T12:18:30","slug":"quadro-mapa","status":"publish","type":"product","link":"https:\/\/worklaser.pt\/?product=quadro-mapa","title":{"rendered":"Quadro Mapa"},"content":{"rendered":"","protected":false},"excerpt":{"rendered":"<p>Quadro com o mapa do vosso local especial<br \/>\n<strong>\u00a0Ideias:<\/strong><\/p>\n<ul>\n<li>O nosso primeiro beijo<\/li>\n<li class=\"_04xlpA direction-ltr align-justify para-style-body\"><span class=\"S1PPyQ\">O pedido de namoro<\/span><\/li>\n<li class=\"_04xlpA direction-ltr align-justify para-style-body\"><span class=\"S1PPyQ\">O pedido de casamento<\/span><\/li>\n<li>O nosso casamento<\/li>\n<li class=\"_04xlpA direction-ltr align-justify para-style-body\"><span class=\"S1PPyQ\">A nossa lua de mel<\/span><\/li>\n<li class=\"_04xlpA direction-ltr align-justify para-style-body\"><span class=\"S1PPyQ\">A nossa primeira casa<\/span><\/li>\n<li>A nossa primeira viagem<\/li>\n<\/ul>\n<p>Quadro totalmente em madeira<br \/>\nGrava\u00e7\u00e3o a laser na madeira<\/p>\n<p>Moldura em madeira de pinho natural<\/p>\n<p>Ap\u00f3s a valida\u00e7\u00e3o da encomenda (pagamento) enviaremos a maquete digital para que possa confirmar a localiza\u00e7\u00e3o do mapa.<\/p>\n<p>Tempo de fabrico e entrega 10-12 dias \u00fateis ap\u00f3s pagamento<\/p>\n","protected":false},"featured_media":12000,"comment_status":"open","ping_status":"closed","template":"","meta":[],"product_cat":[52,118],"product_tag":[],"yoast_head":"<!-- This site is optimized with the Yoast SEO plugin v14.5 - https:\/\/yoast.com\/wordpress\/plugins\/seo\/ -->\n<title>Quadro Mapa - WorkLaser<\/title>\n<meta name=\"robots\" content=\"index, follow\" \/>\n<meta name=\"googlebot\" content=\"index, follow, max-snippet:-1, max-image-preview:large, max-video-preview:-1\" \/>\n<meta name=\"bingbot\" content=\"index, follow, max-snippet:-1, max-image-preview:large, max-video-preview:-1\" \/>\n<link rel=\"canonical\" href=\"https:\/\/worklaser.pt\/?product=quadro-mapa\" \/>\n<meta property=\"og:locale\" content=\"pt_PT\" \/>\n<meta property=\"og:type\" content=\"article\" \/>\n<meta property=\"og:title\" content=\"Quadro Mapa - WorkLaser\" \/>\n<meta property=\"og:description\" content=\"Quadro com o mapa do vosso local especial \u00a0Ideias:   O nosso primeiro beijo  O pedido de namoro  O pedido de casamento  O nosso casamento  A nossa lua de mel  A nossa primeira casa  A nossa primeira viagem  Quadro totalmente em madeira Grava\u00e7\u00e3o a laser na madeira  Moldura em madeira de pinho natural  Ap\u00f3s a valida\u00e7\u00e3o da encomenda (pagamento) enviaremos a maquete digital para que possa confirmar a localiza\u00e7\u00e3o do mapa.  Tempo de fabrico e entrega 10-12 dias \u00fateis ap\u00f3s pagamento\" \/>\n<meta property=\"og:url\" content=\"https:\/\/worklaser.pt\/?product=quadro-mapa\" \/>\n<meta property=\"og:site_name\" content=\"WorkLaser\" \/>\n<meta property=\"article:publisher\" content=\"https:\/\/www.facebook.com\/worklaser\" \/>\n<meta property=\"article:modified_time\" content=\"2023-01-23T12:18:30+00:00\" \/>\n<meta property=\"og:image\" content=\"https:\/\/worklaser.pt\/wp-content\/uploads\/2023\/01\/5-6.jpg\" \/>\n\t<meta property=\"og:image:width\" content=\"600\" \/>\n\t<meta property=\"og:image:height\" content=\"469\" \/>\n<meta property=\"fb:app_id\" content=\"275000290498322\" \/>\n<meta name=\"twitter:card\" content=\"summary_large_image\" \/>\n<script type=\"application\/ld+json\" class=\"yoast-schema-graph\">{\"@context\":\"https:\/\/schema.org\",\"@graph\":[{\"@type\":\"WebSite\",\"@id\":\"https:\/\/worklaser.pt\/#website\",\"url\":\"https:\/\/worklaser.pt\/\",\"name\":\"WorkLaser\",\"description\":\"Loja Online\",\"potentialAction\":[{\"@type\":\"SearchAction\",\"target\":\"https:\/\/worklaser.pt\/?s={search_term_string}\",\"query-input\":\"required name=search_term_string\"}],\"inLanguage\":\"pt-PT\"},{\"@type\":\"ImageObject\",\"@id\":\"https:\/\/worklaser.pt\/?product=quadro-mapa#primaryimage\",\"inLanguage\":\"pt-PT\",\"url\":\"https:\/\/worklaser.pt\/wp-content\/uploads\/2023\/01\/5-6.jpg\",\"width\":600,\"height\":469},{\"@type\":\"WebPage\",\"@id\":\"https:\/\/worklaser.pt\/?product=quadro-mapa#webpage\",\"url\":\"https:\/\/worklaser.pt\/?product=quadro-mapa\",\"name\":\"Quadro Mapa - WorkLaser\",\"isPartOf\":{\"@id\":\"https:\/\/worklaser.pt\/#website\"},\"primaryImageOfPage\":{\"@id\":\"https:\/\/worklaser.pt\/?product=quadro-mapa#primaryimage\"},\"datePublished\":\"2023-01-17T19:14:43+00:00\",\"dateModified\":\"2023-01-23T12:18:30+00:00\",\"inLanguage\":\"pt-PT\",\"potentialAction\":[{\"@type\":\"ReadAction\",\"target\":[\"https:\/\/worklaser.pt\/?product=quadro-mapa\"]}]}]}<\/script>\n<!-- \/ Yoast SEO plugin. -->","builder_content":"","_links":{"self":[{"href":"https:\/\/worklaser.pt\/index.php?rest_route=\/wp\/v2\/product\/12004"}],"collection":[{"href":"https:\/\/worklaser.pt\/index.php?rest_route=\/wp\/v2\/product"}],"about":[{"href":"https:\/\/worklaser.pt\/index.php?rest_route=\/wp\/v2\/types\/product"}],"replies":[{"embeddable":true,"href":"https:\/\/worklaser.pt\/index.php?rest_route=%2Fwp%2Fv2%2Fcomments&post=12004"}],"wp:featuredmedia":[{"embeddable":true,"href":"https:\/\/worklaser.pt\/index.php?rest_route=\/wp\/v2\/media\/12000"}],"wp:attachment":[{"href":"https:\/\/worklaser.pt\/index.php?rest_route=%2Fwp%2Fv2%2Fmedia&parent=12004"}],"wp:term":[{"taxonomy":"product_cat","embeddable":true,"href":"https:\/\/worklaser.pt\/index.php?rest_route=%2Fwp%2Fv2%2Fproduct_cat&post=12004"},{"taxonomy":"product_tag","embeddable":true,"href":"https:\/\/worklaser.pt\/index.php?rest_route=%2Fwp%2Fv2%2Fproduct_tag&post=12004"}],"curies":[{"name":"wp","href":"https:\/\/api.w.org\/{rel}","templated":true}]}}