{"id":11889,"date":"2023-01-04T16:05:50","date_gmt":"2023-01-04T16:05:50","guid":{"rendered":"https:\/\/worklaser.pt\/?post_type=product&#038;p=11889"},"modified":"2025-05-09T13:57:43","modified_gmt":"2025-05-09T13:57:43","slug":"quadro-de-honra","status":"publish","type":"product","link":"https:\/\/worklaser.pt\/?product=quadro-de-honra","title":{"rendered":"Quadro de Honra"},"content":{"rendered":"","protected":false},"excerpt":{"rendered":"<p>Pre\u00e7os variam consoante a quantidade de cora\u00e7\u00f5es.<\/p>\n<p>Quadro de honra em madeira pintado em cinza claro e dourado<br \/>\n-fundo cinza claro<br \/>\n-moldura cinza claro<br \/>\n-tronco da arvore e alian\u00e7as em dourado<\/p>\n<p>\u2013 cora\u00e7\u00f5es, nomes e datas em madeira clara<\/p>\n<p>Quadro com qualidade e durabilidade.<br \/>\nPersonaliza\u00e7\u00e3o de nomes e data.<br \/>\nCora\u00e7\u00f5es de 3,5cm.<\/p>\n<p>Tempo de entrega 20-25 dias \u00fateis ap\u00f3s confirma\u00e7\u00e3o de pagamento.<\/p>\n","protected":false},"featured_media":11864,"comment_status":"open","ping_status":"closed","template":"","meta":[],"product_cat":[99],"product_tag":[],"yoast_head":"<!-- This site is optimized with the Yoast SEO plugin v14.5 - https:\/\/yoast.com\/wordpress\/plugins\/seo\/ -->\n<title>Quadro de Honra - WorkLaser<\/title>\n<meta name=\"robots\" content=\"index, follow\" \/>\n<meta name=\"googlebot\" content=\"index, follow, max-snippet:-1, max-image-preview:large, max-video-preview:-1\" \/>\n<meta name=\"bingbot\" content=\"index, follow, max-snippet:-1, max-image-preview:large, max-video-preview:-1\" \/>\n<link rel=\"canonical\" href=\"https:\/\/worklaser.pt\/?product=quadro-de-honra\" \/>\n<meta property=\"og:locale\" content=\"pt_PT\" \/>\n<meta property=\"og:type\" content=\"article\" \/>\n<meta property=\"og:title\" content=\"Quadro de Honra - WorkLaser\" \/>\n<meta property=\"og:description\" content=\"Pre\u00e7os variam consoante a quantidade de cora\u00e7\u00f5es.  Quadro de honra em madeira pintado em cinza claro e dourado -fundo cinza claro -moldura cinza claro -tronco da arvore e alian\u00e7as em dourado  \u2013 cora\u00e7\u00f5es, nomes e datas em madeira clara  Quadro com qualidade e durabilidade. Personaliza\u00e7\u00e3o de nomes e data. Cora\u00e7\u00f5es de 3,5cm.  Tempo de entrega 20-25 dias \u00fateis ap\u00f3s confirma\u00e7\u00e3o de pagamento.\" \/>\n<meta property=\"og:url\" content=\"https:\/\/worklaser.pt\/?product=quadro-de-honra\" \/>\n<meta property=\"og:site_name\" content=\"WorkLaser\" \/>\n<meta property=\"article:publisher\" content=\"https:\/\/www.facebook.com\/worklaser\" \/>\n<meta property=\"article:modified_time\" content=\"2025-05-09T13:57:43+00:00\" \/>\n<meta property=\"og:image\" content=\"https:\/\/worklaser.pt\/wp-content\/uploads\/2023\/01\/10-1.jpg\" \/>\n\t<meta property=\"og:image:width\" content=\"600\" \/>\n\t<meta property=\"og:image:height\" content=\"469\" \/>\n<meta property=\"fb:app_id\" content=\"275000290498322\" \/>\n<meta name=\"twitter:card\" content=\"summary_large_image\" \/>\n<script type=\"application\/ld+json\" class=\"yoast-schema-graph\">{\"@context\":\"https:\/\/schema.org\",\"@graph\":[{\"@type\":\"WebSite\",\"@id\":\"https:\/\/worklaser.pt\/#website\",\"url\":\"https:\/\/worklaser.pt\/\",\"name\":\"WorkLaser\",\"description\":\"Loja Online\",\"potentialAction\":[{\"@type\":\"SearchAction\",\"target\":\"https:\/\/worklaser.pt\/?s={search_term_string}\",\"query-input\":\"required name=search_term_string\"}],\"inLanguage\":\"pt-PT\"},{\"@type\":\"ImageObject\",\"@id\":\"https:\/\/worklaser.pt\/?product=quadro-de-honra#primaryimage\",\"inLanguage\":\"pt-PT\",\"url\":\"https:\/\/worklaser.pt\/wp-content\/uploads\/2023\/01\/10-1.jpg\",\"width\":600,\"height\":469},{\"@type\":\"WebPage\",\"@id\":\"https:\/\/worklaser.pt\/?product=quadro-de-honra#webpage\",\"url\":\"https:\/\/worklaser.pt\/?product=quadro-de-honra\",\"name\":\"Quadro de Honra - WorkLaser\",\"isPartOf\":{\"@id\":\"https:\/\/worklaser.pt\/#website\"},\"primaryImageOfPage\":{\"@id\":\"https:\/\/worklaser.pt\/?product=quadro-de-honra#primaryimage\"},\"datePublished\":\"2023-01-04T16:05:50+00:00\",\"dateModified\":\"2025-05-09T13:57:43+00:00\",\"inLanguage\":\"pt-PT\",\"potentialAction\":[{\"@type\":\"ReadAction\",\"target\":[\"https:\/\/worklaser.pt\/?product=quadro-de-honra\"]}]}]}<\/script>\n<!-- \/ Yoast SEO plugin. -->","builder_content":"","_links":{"self":[{"href":"https:\/\/worklaser.pt\/index.php?rest_route=\/wp\/v2\/product\/11889"}],"collection":[{"href":"https:\/\/worklaser.pt\/index.php?rest_route=\/wp\/v2\/product"}],"about":[{"href":"https:\/\/worklaser.pt\/index.php?rest_route=\/wp\/v2\/types\/product"}],"replies":[{"embeddable":true,"href":"https:\/\/worklaser.pt\/index.php?rest_route=%2Fwp%2Fv2%2Fcomments&post=11889"}],"wp:featuredmedia":[{"embeddable":true,"href":"https:\/\/worklaser.pt\/index.php?rest_route=\/wp\/v2\/media\/11864"}],"wp:attachment":[{"href":"https:\/\/worklaser.pt\/index.php?rest_route=%2Fwp%2Fv2%2Fmedia&parent=11889"}],"wp:term":[{"taxonomy":"product_cat","embeddable":true,"href":"https:\/\/worklaser.pt\/index.php?rest_route=%2Fwp%2Fv2%2Fproduct_cat&post=11889"},{"taxonomy":"product_tag","embeddable":true,"href":"https:\/\/worklaser.pt\/index.php?rest_route=%2Fwp%2Fv2%2Fproduct_tag&post=11889"}],"curies":[{"name":"wp","href":"https:\/\/api.w.org\/{rel}","templated":true}]}}