{"id":11885,"date":"2023-01-04T15:54:11","date_gmt":"2023-01-04T15:54:11","guid":{"rendered":"https:\/\/worklaser.pt\/?post_type=product&#038;p=11885"},"modified":"2026-02-05T11:01:21","modified_gmt":"2026-02-05T11:01:21","slug":"caixa-ref-2","status":"publish","type":"product","link":"https:\/\/worklaser.pt\/?product=caixa-ref-2","title":{"rendered":"Caixa ref.2"},"content":{"rendered":"","protected":false},"excerpt":{"rendered":"<p>Caixa em madeira natural escurecida.<br \/>\nCom grava\u00e7\u00e3o na tampa.<br \/>\nTamanho da caixa: 24 x 14 x 8,5cm<br \/>\nTempo de entrega: 10-15 dias \u00fateis<\/p>\n<p>Possibilidade de grava\u00e7\u00e3o de outro monograma, contudo o monograma est\u00e1 sujeito a an\u00e1lise. (ao finalizar a encomenda pode anexar o ficheiro)<\/p>\n","protected":false},"featured_media":11873,"comment_status":"open","ping_status":"closed","template":"","meta":[],"product_cat":[48,64],"product_tag":[],"yoast_head":"<!-- This site is optimized with the Yoast SEO plugin v14.5 - https:\/\/yoast.com\/wordpress\/plugins\/seo\/ -->\n<title>Caixa ref.2 - WorkLaser<\/title>\n<meta name=\"robots\" content=\"index, follow\" \/>\n<meta name=\"googlebot\" content=\"index, follow, max-snippet:-1, max-image-preview:large, max-video-preview:-1\" \/>\n<meta name=\"bingbot\" content=\"index, follow, max-snippet:-1, max-image-preview:large, max-video-preview:-1\" \/>\n<link rel=\"canonical\" href=\"https:\/\/worklaser.pt\/?product=caixa-ref-2\" \/>\n<meta property=\"og:locale\" content=\"pt_PT\" \/>\n<meta property=\"og:type\" content=\"article\" \/>\n<meta property=\"og:title\" content=\"Caixa ref.2 - WorkLaser\" \/>\n<meta property=\"og:description\" content=\"Caixa em madeira natural escurecida. Com grava\u00e7\u00e3o na tampa. Tamanho da caixa: 24 x 14 x 8,5cm Tempo de entrega: 10-15 dias \u00fateis  Possibilidade de grava\u00e7\u00e3o de outro monograma, contudo o monograma est\u00e1 sujeito a an\u00e1lise. (ao finalizar a encomenda pode anexar o ficheiro)\" \/>\n<meta property=\"og:url\" content=\"https:\/\/worklaser.pt\/?product=caixa-ref-2\" \/>\n<meta property=\"og:site_name\" content=\"WorkLaser\" \/>\n<meta property=\"article:publisher\" content=\"https:\/\/www.facebook.com\/worklaser\" \/>\n<meta property=\"article:modified_time\" content=\"2026-02-05T11:01:21+00:00\" \/>\n<meta property=\"og:image\" content=\"https:\/\/worklaser.pt\/wp-content\/uploads\/2023\/01\/7-2.jpg\" \/>\n\t<meta property=\"og:image:width\" content=\"600\" \/>\n\t<meta property=\"og:image:height\" content=\"469\" \/>\n<meta property=\"fb:app_id\" content=\"275000290498322\" \/>\n<meta name=\"twitter:card\" content=\"summary_large_image\" \/>\n<script type=\"application\/ld+json\" class=\"yoast-schema-graph\">{\"@context\":\"https:\/\/schema.org\",\"@graph\":[{\"@type\":\"WebSite\",\"@id\":\"https:\/\/worklaser.pt\/#website\",\"url\":\"https:\/\/worklaser.pt\/\",\"name\":\"WorkLaser\",\"description\":\"Loja Online\",\"potentialAction\":[{\"@type\":\"SearchAction\",\"target\":\"https:\/\/worklaser.pt\/?s={search_term_string}\",\"query-input\":\"required name=search_term_string\"}],\"inLanguage\":\"pt-PT\"},{\"@type\":\"ImageObject\",\"@id\":\"https:\/\/worklaser.pt\/?product=caixa-ref-2#primaryimage\",\"inLanguage\":\"pt-PT\",\"url\":\"https:\/\/worklaser.pt\/wp-content\/uploads\/2023\/01\/7-2.jpg\",\"width\":600,\"height\":469},{\"@type\":\"WebPage\",\"@id\":\"https:\/\/worklaser.pt\/?product=caixa-ref-2#webpage\",\"url\":\"https:\/\/worklaser.pt\/?product=caixa-ref-2\",\"name\":\"Caixa ref.2 - WorkLaser\",\"isPartOf\":{\"@id\":\"https:\/\/worklaser.pt\/#website\"},\"primaryImageOfPage\":{\"@id\":\"https:\/\/worklaser.pt\/?product=caixa-ref-2#primaryimage\"},\"datePublished\":\"2023-01-04T15:54:11+00:00\",\"dateModified\":\"2026-02-05T11:01:21+00:00\",\"inLanguage\":\"pt-PT\",\"potentialAction\":[{\"@type\":\"ReadAction\",\"target\":[\"https:\/\/worklaser.pt\/?product=caixa-ref-2\"]}]}]}<\/script>\n<!-- \/ Yoast SEO plugin. -->","builder_content":"","_links":{"self":[{"href":"https:\/\/worklaser.pt\/index.php?rest_route=\/wp\/v2\/product\/11885"}],"collection":[{"href":"https:\/\/worklaser.pt\/index.php?rest_route=\/wp\/v2\/product"}],"about":[{"href":"https:\/\/worklaser.pt\/index.php?rest_route=\/wp\/v2\/types\/product"}],"replies":[{"embeddable":true,"href":"https:\/\/worklaser.pt\/index.php?rest_route=%2Fwp%2Fv2%2Fcomments&post=11885"}],"wp:featuredmedia":[{"embeddable":true,"href":"https:\/\/worklaser.pt\/index.php?rest_route=\/wp\/v2\/media\/11873"}],"wp:attachment":[{"href":"https:\/\/worklaser.pt\/index.php?rest_route=%2Fwp%2Fv2%2Fmedia&parent=11885"}],"wp:term":[{"taxonomy":"product_cat","embeddable":true,"href":"https:\/\/worklaser.pt\/index.php?rest_route=%2Fwp%2Fv2%2Fproduct_cat&post=11885"},{"taxonomy":"product_tag","embeddable":true,"href":"https:\/\/worklaser.pt\/index.php?rest_route=%2Fwp%2Fv2%2Fproduct_tag&post=11885"}],"curies":[{"name":"wp","href":"https:\/\/api.w.org\/{rel}","templated":true}]}}