{"id":1182,"date":"2019-10-28T13:28:34","date_gmt":"2019-10-28T13:28:34","guid":{"rendered":"http:\/\/worklaser.pt\/?post_type=product&#038;p=1182"},"modified":"2024-02-22T16:50:44","modified_gmt":"2024-02-22T16:50:44","slug":"placa-com-gravacao-de-foto","status":"publish","type":"product","link":"https:\/\/worklaser.pt\/?product=placa-com-gravacao-de-foto","title":{"rendered":"Placa com grava\u00e7\u00e3o de foto"},"content":{"rendered":"","protected":false},"excerpt":{"rendered":"<p>Tempo de entrega: 10 dias \u00fateis<strong><br \/>\n<\/strong>Pe\u00e7a em mdf branco com grava\u00e7\u00e3o a laser de fotografia.<br \/>\nA\u00a0 grava\u00e7\u00e3o da fotografia fica com as cores que v\u00ea na foto de exemplo, a grava\u00e7\u00e3o a laser n\u00e3o tem cores.<\/p>\n<p>Ter\u00e1 de anexar o ficheiro (fotografia) quando finalizar a compra.<br \/>\nTamanho da pe\u00e7a: 21cmx16,5cm<\/p>\n","protected":false},"featured_media":1054,"comment_status":"open","ping_status":"closed","template":"","meta":[],"product_cat":[52,113],"product_tag":[],"yoast_head":"<!-- This site is optimized with the Yoast SEO plugin v14.5 - https:\/\/yoast.com\/wordpress\/plugins\/seo\/ -->\n<title>Placa com grava\u00e7\u00e3o de foto - WorkLaser<\/title>\n<meta name=\"robots\" content=\"index, follow\" \/>\n<meta name=\"googlebot\" content=\"index, follow, max-snippet:-1, max-image-preview:large, max-video-preview:-1\" \/>\n<meta name=\"bingbot\" content=\"index, follow, max-snippet:-1, max-image-preview:large, max-video-preview:-1\" \/>\n<link rel=\"canonical\" href=\"https:\/\/worklaser.pt\/?product=placa-com-gravacao-de-foto\" \/>\n<meta property=\"og:locale\" content=\"pt_PT\" \/>\n<meta property=\"og:type\" content=\"article\" \/>\n<meta property=\"og:title\" content=\"Placa com grava\u00e7\u00e3o de foto - WorkLaser\" \/>\n<meta property=\"og:description\" content=\"Tempo de entrega: 10 dias \u00fateis Pe\u00e7a em mdf branco com grava\u00e7\u00e3o a laser de fotografia. A\u00a0 grava\u00e7\u00e3o da fotografia fica com as cores que v\u00ea na foto de exemplo, a grava\u00e7\u00e3o a laser n\u00e3o tem cores.  Ter\u00e1 de anexar o ficheiro (fotografia) quando finalizar a compra. Tamanho da pe\u00e7a: 21cmx16,5cm\" \/>\n<meta property=\"og:url\" content=\"https:\/\/worklaser.pt\/?product=placa-com-gravacao-de-foto\" \/>\n<meta property=\"og:site_name\" content=\"WorkLaser\" \/>\n<meta property=\"article:publisher\" content=\"https:\/\/www.facebook.com\/worklaser\" \/>\n<meta property=\"article:modified_time\" content=\"2024-02-22T16:50:44+00:00\" \/>\n<meta property=\"og:image\" content=\"https:\/\/worklaser.pt\/wp-content\/uploads\/2019\/10\/Placa-com-grava\u00e7\u00e3o-de-foto.jpg\" \/>\n\t<meta property=\"og:image:width\" content=\"1024\" \/>\n\t<meta property=\"og:image:height\" content=\"800\" \/>\n<meta property=\"fb:app_id\" content=\"275000290498322\" \/>\n<meta name=\"twitter:card\" content=\"summary_large_image\" \/>\n<script type=\"application\/ld+json\" class=\"yoast-schema-graph\">{\"@context\":\"https:\/\/schema.org\",\"@graph\":[{\"@type\":\"WebSite\",\"@id\":\"https:\/\/worklaser.pt\/#website\",\"url\":\"https:\/\/worklaser.pt\/\",\"name\":\"WorkLaser\",\"description\":\"Loja Online\",\"potentialAction\":[{\"@type\":\"SearchAction\",\"target\":\"https:\/\/worklaser.pt\/?s={search_term_string}\",\"query-input\":\"required name=search_term_string\"}],\"inLanguage\":\"pt-PT\"},{\"@type\":\"ImageObject\",\"@id\":\"https:\/\/worklaser.pt\/?product=placa-com-gravacao-de-foto#primaryimage\",\"inLanguage\":\"pt-PT\",\"url\":\"https:\/\/worklaser.pt\/wp-content\/uploads\/2019\/10\/Placa-com-grava\\u00e7\\u00e3o-de-foto.jpg\",\"width\":1024,\"height\":800},{\"@type\":\"WebPage\",\"@id\":\"https:\/\/worklaser.pt\/?product=placa-com-gravacao-de-foto#webpage\",\"url\":\"https:\/\/worklaser.pt\/?product=placa-com-gravacao-de-foto\",\"name\":\"Placa com grava\\u00e7\\u00e3o de foto - WorkLaser\",\"isPartOf\":{\"@id\":\"https:\/\/worklaser.pt\/#website\"},\"primaryImageOfPage\":{\"@id\":\"https:\/\/worklaser.pt\/?product=placa-com-gravacao-de-foto#primaryimage\"},\"datePublished\":\"2019-10-28T13:28:34+00:00\",\"dateModified\":\"2024-02-22T16:50:44+00:00\",\"inLanguage\":\"pt-PT\",\"potentialAction\":[{\"@type\":\"ReadAction\",\"target\":[\"https:\/\/worklaser.pt\/?product=placa-com-gravacao-de-foto\"]}]}]}<\/script>\n<!-- \/ Yoast SEO plugin. -->","builder_content":"","_links":{"self":[{"href":"https:\/\/worklaser.pt\/index.php?rest_route=\/wp\/v2\/product\/1182"}],"collection":[{"href":"https:\/\/worklaser.pt\/index.php?rest_route=\/wp\/v2\/product"}],"about":[{"href":"https:\/\/worklaser.pt\/index.php?rest_route=\/wp\/v2\/types\/product"}],"replies":[{"embeddable":true,"href":"https:\/\/worklaser.pt\/index.php?rest_route=%2Fwp%2Fv2%2Fcomments&post=1182"}],"wp:featuredmedia":[{"embeddable":true,"href":"https:\/\/worklaser.pt\/index.php?rest_route=\/wp\/v2\/media\/1054"}],"wp:attachment":[{"href":"https:\/\/worklaser.pt\/index.php?rest_route=%2Fwp%2Fv2%2Fmedia&parent=1182"}],"wp:term":[{"taxonomy":"product_cat","embeddable":true,"href":"https:\/\/worklaser.pt\/index.php?rest_route=%2Fwp%2Fv2%2Fproduct_cat&post=1182"},{"taxonomy":"product_tag","embeddable":true,"href":"https:\/\/worklaser.pt\/index.php?rest_route=%2Fwp%2Fv2%2Fproduct_tag&post=1182"}],"curies":[{"name":"wp","href":"https:\/\/api.w.org\/{rel}","templated":true}]}}