{"id":1167,"date":"2019-10-28T13:17:40","date_gmt":"2019-10-28T13:17:40","guid":{"rendered":"http:\/\/worklaser.pt\/?post_type=product&#038;p=1167"},"modified":"2024-04-03T13:14:40","modified_gmt":"2024-04-03T13:14:40","slug":"moldura-mae-3","status":"publish","type":"product","link":"https:\/\/worklaser.pt\/?product=moldura-mae-3","title":{"rendered":"Moldura M\u00e3e 3"},"content":{"rendered":"","protected":false},"excerpt":{"rendered":"<p>Tempo de entrega: 10 dias \u00fateis<\/p>\n<p>Moldura em madeira de pinho com personaliza\u00e7\u00e3o de nomes e acabamento a veniz.<br \/>\nTem vidro para prote\u00e7\u00e3o da fotografia.<\/p>\n<p>N\u00e3o inclui fotografia. Coloca a fotografia quando receber a moldura.<br \/>\nF\u00e1cil coloca\u00e7\u00e3o da fotografia. Poder\u00e1 colocar e retirar a fotografia quando desejar.<br \/>\nDispon\u00edvel para fotografias de 10x15cm e de 15x20cm<br \/>\nTamanho da moldura para foto 10x15cm: 21cmx16cm<br \/>\nTamanho da moldura para foto 15x20cm: 28cmx23cm<\/p>\n","protected":false},"featured_media":1050,"comment_status":"open","ping_status":"closed","template":"","meta":[],"product_cat":[52,113],"product_tag":[],"yoast_head":"<!-- This site is optimized with the Yoast SEO plugin v14.5 - https:\/\/yoast.com\/wordpress\/plugins\/seo\/ -->\n<title>Moldura M\u00e3e 3 - WorkLaser<\/title>\n<meta name=\"robots\" content=\"index, follow\" \/>\n<meta name=\"googlebot\" content=\"index, follow, max-snippet:-1, max-image-preview:large, max-video-preview:-1\" \/>\n<meta name=\"bingbot\" content=\"index, follow, max-snippet:-1, max-image-preview:large, max-video-preview:-1\" \/>\n<link rel=\"canonical\" href=\"https:\/\/worklaser.pt\/?product=moldura-mae-3\" \/>\n<meta property=\"og:locale\" content=\"pt_PT\" \/>\n<meta property=\"og:type\" content=\"article\" \/>\n<meta property=\"og:title\" content=\"Moldura M\u00e3e 3 - WorkLaser\" \/>\n<meta property=\"og:description\" content=\"Tempo de entrega: 10 dias \u00fateis  Moldura em madeira de pinho com personaliza\u00e7\u00e3o de nomes e acabamento a veniz. Tem vidro para prote\u00e7\u00e3o da fotografia.  N\u00e3o inclui fotografia. Coloca a fotografia quando receber a moldura. F\u00e1cil coloca\u00e7\u00e3o da fotografia. Poder\u00e1 colocar e retirar a fotografia quando desejar. Dispon\u00edvel para fotografias de 10x15cm e de 15x20cm Tamanho da moldura para foto 10x15cm: 21cmx16cm Tamanho da moldura para foto 15x20cm: 28cmx23cm\" \/>\n<meta property=\"og:url\" content=\"https:\/\/worklaser.pt\/?product=moldura-mae-3\" \/>\n<meta property=\"og:site_name\" content=\"WorkLaser\" \/>\n<meta property=\"article:publisher\" content=\"https:\/\/www.facebook.com\/worklaser\" \/>\n<meta property=\"article:modified_time\" content=\"2024-04-03T13:14:40+00:00\" \/>\n<meta property=\"og:image\" content=\"https:\/\/worklaser.pt\/wp-content\/uploads\/2019\/10\/moldura-m\u00e3e-3.jpg\" \/>\n\t<meta property=\"og:image:width\" content=\"1024\" \/>\n\t<meta property=\"og:image:height\" content=\"800\" \/>\n<meta property=\"fb:app_id\" content=\"275000290498322\" \/>\n<meta name=\"twitter:card\" content=\"summary_large_image\" \/>\n<script type=\"application\/ld+json\" class=\"yoast-schema-graph\">{\"@context\":\"https:\/\/schema.org\",\"@graph\":[{\"@type\":\"WebSite\",\"@id\":\"https:\/\/worklaser.pt\/#website\",\"url\":\"https:\/\/worklaser.pt\/\",\"name\":\"WorkLaser\",\"description\":\"Loja Online\",\"potentialAction\":[{\"@type\":\"SearchAction\",\"target\":\"https:\/\/worklaser.pt\/?s={search_term_string}\",\"query-input\":\"required name=search_term_string\"}],\"inLanguage\":\"pt-PT\"},{\"@type\":\"ImageObject\",\"@id\":\"https:\/\/worklaser.pt\/?product=moldura-mae-3#primaryimage\",\"inLanguage\":\"pt-PT\",\"url\":\"https:\/\/worklaser.pt\/wp-content\/uploads\/2019\/10\/moldura-m\\u00e3e-3.jpg\",\"width\":1024,\"height\":800},{\"@type\":\"WebPage\",\"@id\":\"https:\/\/worklaser.pt\/?product=moldura-mae-3#webpage\",\"url\":\"https:\/\/worklaser.pt\/?product=moldura-mae-3\",\"name\":\"Moldura M\\u00e3e 3 - WorkLaser\",\"isPartOf\":{\"@id\":\"https:\/\/worklaser.pt\/#website\"},\"primaryImageOfPage\":{\"@id\":\"https:\/\/worklaser.pt\/?product=moldura-mae-3#primaryimage\"},\"datePublished\":\"2019-10-28T13:17:40+00:00\",\"dateModified\":\"2024-04-03T13:14:40+00:00\",\"inLanguage\":\"pt-PT\",\"potentialAction\":[{\"@type\":\"ReadAction\",\"target\":[\"https:\/\/worklaser.pt\/?product=moldura-mae-3\"]}]}]}<\/script>\n<!-- \/ Yoast SEO plugin. -->","builder_content":"","_links":{"self":[{"href":"https:\/\/worklaser.pt\/index.php?rest_route=\/wp\/v2\/product\/1167"}],"collection":[{"href":"https:\/\/worklaser.pt\/index.php?rest_route=\/wp\/v2\/product"}],"about":[{"href":"https:\/\/worklaser.pt\/index.php?rest_route=\/wp\/v2\/types\/product"}],"replies":[{"embeddable":true,"href":"https:\/\/worklaser.pt\/index.php?rest_route=%2Fwp%2Fv2%2Fcomments&post=1167"}],"wp:featuredmedia":[{"embeddable":true,"href":"https:\/\/worklaser.pt\/index.php?rest_route=\/wp\/v2\/media\/1050"}],"wp:attachment":[{"href":"https:\/\/worklaser.pt\/index.php?rest_route=%2Fwp%2Fv2%2Fmedia&parent=1167"}],"wp:term":[{"taxonomy":"product_cat","embeddable":true,"href":"https:\/\/worklaser.pt\/index.php?rest_route=%2Fwp%2Fv2%2Fproduct_cat&post=1167"},{"taxonomy":"product_tag","embeddable":true,"href":"https:\/\/worklaser.pt\/index.php?rest_route=%2Fwp%2Fv2%2Fproduct_tag&post=1167"}],"curies":[{"name":"wp","href":"https:\/\/api.w.org\/{rel}","templated":true}]}}