{"id":11046,"date":"2022-02-22T19:14:52","date_gmt":"2022-02-22T19:14:52","guid":{"rendered":"https:\/\/worklaser.pt\/?post_type=product&#038;p=11046"},"modified":"2026-02-11T14:25:54","modified_gmt":"2026-02-11T14:25:54","slug":"conjunto-mundo","status":"publish","type":"product","link":"https:\/\/worklaser.pt\/?product=conjunto-mundo","title":{"rendered":"Conjunto Mundo"},"content":{"rendered":"","protected":false},"excerpt":{"rendered":"<p>Conjunto composto por:<br \/>\n&#8211; Caneca Melhor Pai do Mundo<br \/>\n&#8211; Pe\u00e7a Mundo personalizada com nome dos filho<br \/>\n&#8211; Saco transparente com fita e etiqueta &#8220;Melhor Pai do Mundo&#8221;<\/p>\n<p>Caneca em cer\u00e2mica<br \/>\nPe\u00e7a mundo em mdf branco com grava\u00e7\u00e3o a laser<br \/>\nTamanho da pe\u00e7a mundo15cmx12cm<\/p>\n<p>Tempo de entrega 10 dias \u00fateis ap\u00f3s pagamento<br \/>\nStock Limitado<\/p>\n","protected":false},"featured_media":11041,"comment_status":"open","ping_status":"closed","template":"","meta":[],"product_cat":[114],"product_tag":[],"yoast_head":"<!-- This site is optimized with the Yoast SEO plugin v14.5 - https:\/\/yoast.com\/wordpress\/plugins\/seo\/ -->\n<title>Conjunto Mundo - WorkLaser<\/title>\n<meta name=\"robots\" content=\"index, follow\" \/>\n<meta name=\"googlebot\" content=\"index, follow, max-snippet:-1, max-image-preview:large, max-video-preview:-1\" \/>\n<meta name=\"bingbot\" content=\"index, follow, max-snippet:-1, max-image-preview:large, max-video-preview:-1\" \/>\n<link rel=\"canonical\" href=\"https:\/\/worklaser.pt\/?product=conjunto-mundo\" \/>\n<meta property=\"og:locale\" content=\"pt_PT\" \/>\n<meta property=\"og:type\" content=\"article\" \/>\n<meta property=\"og:title\" content=\"Conjunto Mundo - WorkLaser\" \/>\n<meta property=\"og:description\" content=\"Conjunto composto por: - Caneca Melhor Pai do Mundo - Pe\u00e7a Mundo personalizada com nome dos filho - Saco transparente com fita e etiqueta &quot;Melhor Pai do Mundo&quot;  Caneca em cer\u00e2mica Pe\u00e7a mundo em mdf branco com grava\u00e7\u00e3o a laser Tamanho da pe\u00e7a mundo15cmx12cm  Tempo de entrega 10 dias \u00fateis ap\u00f3s pagamento Stock Limitado\" \/>\n<meta property=\"og:url\" content=\"https:\/\/worklaser.pt\/?product=conjunto-mundo\" \/>\n<meta property=\"og:site_name\" content=\"WorkLaser\" \/>\n<meta property=\"article:publisher\" content=\"https:\/\/www.facebook.com\/worklaser\" \/>\n<meta property=\"article:modified_time\" content=\"2026-02-11T14:25:54+00:00\" \/>\n<meta property=\"og:image\" content=\"https:\/\/worklaser.pt\/wp-content\/uploads\/2022\/02\/3-2.jpg\" \/>\n\t<meta property=\"og:image:width\" content=\"600\" \/>\n\t<meta property=\"og:image:height\" content=\"469\" \/>\n<meta property=\"fb:app_id\" content=\"275000290498322\" \/>\n<meta name=\"twitter:card\" content=\"summary_large_image\" \/>\n<script type=\"application\/ld+json\" class=\"yoast-schema-graph\">{\"@context\":\"https:\/\/schema.org\",\"@graph\":[{\"@type\":\"WebSite\",\"@id\":\"https:\/\/worklaser.pt\/#website\",\"url\":\"https:\/\/worklaser.pt\/\",\"name\":\"WorkLaser\",\"description\":\"Loja Online\",\"potentialAction\":[{\"@type\":\"SearchAction\",\"target\":\"https:\/\/worklaser.pt\/?s={search_term_string}\",\"query-input\":\"required name=search_term_string\"}],\"inLanguage\":\"pt-PT\"},{\"@type\":\"ImageObject\",\"@id\":\"https:\/\/worklaser.pt\/?product=conjunto-mundo#primaryimage\",\"inLanguage\":\"pt-PT\",\"url\":\"https:\/\/worklaser.pt\/wp-content\/uploads\/2022\/02\/3-2.jpg\",\"width\":600,\"height\":469},{\"@type\":\"WebPage\",\"@id\":\"https:\/\/worklaser.pt\/?product=conjunto-mundo#webpage\",\"url\":\"https:\/\/worklaser.pt\/?product=conjunto-mundo\",\"name\":\"Conjunto Mundo - WorkLaser\",\"isPartOf\":{\"@id\":\"https:\/\/worklaser.pt\/#website\"},\"primaryImageOfPage\":{\"@id\":\"https:\/\/worklaser.pt\/?product=conjunto-mundo#primaryimage\"},\"datePublished\":\"2022-02-22T19:14:52+00:00\",\"dateModified\":\"2026-02-11T14:25:54+00:00\",\"inLanguage\":\"pt-PT\",\"potentialAction\":[{\"@type\":\"ReadAction\",\"target\":[\"https:\/\/worklaser.pt\/?product=conjunto-mundo\"]}]}]}<\/script>\n<!-- \/ Yoast SEO plugin. -->","builder_content":"","_links":{"self":[{"href":"https:\/\/worklaser.pt\/index.php?rest_route=\/wp\/v2\/product\/11046"}],"collection":[{"href":"https:\/\/worklaser.pt\/index.php?rest_route=\/wp\/v2\/product"}],"about":[{"href":"https:\/\/worklaser.pt\/index.php?rest_route=\/wp\/v2\/types\/product"}],"replies":[{"embeddable":true,"href":"https:\/\/worklaser.pt\/index.php?rest_route=%2Fwp%2Fv2%2Fcomments&post=11046"}],"wp:featuredmedia":[{"embeddable":true,"href":"https:\/\/worklaser.pt\/index.php?rest_route=\/wp\/v2\/media\/11041"}],"wp:attachment":[{"href":"https:\/\/worklaser.pt\/index.php?rest_route=%2Fwp%2Fv2%2Fmedia&parent=11046"}],"wp:term":[{"taxonomy":"product_cat","embeddable":true,"href":"https:\/\/worklaser.pt\/index.php?rest_route=%2Fwp%2Fv2%2Fproduct_cat&post=11046"},{"taxonomy":"product_tag","embeddable":true,"href":"https:\/\/worklaser.pt\/index.php?rest_route=%2Fwp%2Fv2%2Fproduct_tag&post=11046"}],"curies":[{"name":"wp","href":"https:\/\/api.w.org\/{rel}","templated":true}]}}