{"id":10982,"date":"2022-02-13T16:58:44","date_gmt":"2022-02-13T16:58:44","guid":{"rendered":"https:\/\/worklaser.pt\/?post_type=product&#038;p=10982"},"modified":"2026-01-21T14:05:04","modified_gmt":"2026-01-21T14:05:04","slug":"convite-comunhao-3","status":"publish","type":"product","link":"https:\/\/worklaser.pt\/?product=convite-comunhao-3","title":{"rendered":"Convite Comunh\u00e3o 3"},"content":{"rendered":"","protected":false},"excerpt":{"rendered":"<p>Convite em papel craft 250gm com impress\u00e3o a preto.<br \/>\nConvite tamb\u00e9m dispon\u00edvel para menino (anjinho).<br \/>\n\u00c9 poss\u00edvel personalizar o texto totalmente a seu gosto, para isso s\u00f3 tem de nos enviar um e-mail com o texto que pretende colocar no convite ap\u00f3s efetuar a sua encomenda.<br \/>\nAp\u00f3s valida\u00e7\u00e3o da encomenda receber\u00e1 o desenho digital do convite para confirma\u00e7\u00e3o.<\/p>\n<p>Tamanho: 21cmx10cm (fechado)<br \/>\nEncomenda m\u00ednima de 15 convites (se necessitar de menos convites entre em contacto connosco)<\/p>\n<p>Tempo de entrega: 15\/20 dias \u00fateis<\/p>\n","protected":false},"featured_media":10891,"comment_status":"open","ping_status":"closed","template":"","meta":[],"product_cat":[96,100],"product_tag":[],"yoast_head":"<!-- This site is optimized with the Yoast SEO plugin v14.5 - https:\/\/yoast.com\/wordpress\/plugins\/seo\/ -->\n<title>Convite Comunh\u00e3o 3 - WorkLaser<\/title>\n<meta name=\"robots\" content=\"index, follow\" \/>\n<meta name=\"googlebot\" content=\"index, follow, max-snippet:-1, max-image-preview:large, max-video-preview:-1\" \/>\n<meta name=\"bingbot\" content=\"index, follow, max-snippet:-1, max-image-preview:large, max-video-preview:-1\" \/>\n<link rel=\"canonical\" href=\"https:\/\/worklaser.pt\/?product=convite-comunhao-3\" \/>\n<meta property=\"og:locale\" content=\"pt_PT\" \/>\n<meta property=\"og:type\" content=\"article\" \/>\n<meta property=\"og:title\" content=\"Convite Comunh\u00e3o 3 - WorkLaser\" \/>\n<meta property=\"og:description\" content=\"Convite em papel craft 250gm com impress\u00e3o a preto. Convite tamb\u00e9m dispon\u00edvel para menino (anjinho). \u00c9 poss\u00edvel personalizar o texto totalmente a seu gosto, para isso s\u00f3 tem de nos enviar um e-mail com o texto que pretende colocar no convite ap\u00f3s efetuar a sua encomenda. Ap\u00f3s valida\u00e7\u00e3o da encomenda receber\u00e1 o desenho digital do convite para confirma\u00e7\u00e3o.  Tamanho: 21cmx10cm (fechado) Encomenda m\u00ednima de 15 convites (se necessitar de menos convites entre em contacto connosco)  Tempo de entrega: 15\/20 dias \u00fateis\" \/>\n<meta property=\"og:url\" content=\"https:\/\/worklaser.pt\/?product=convite-comunhao-3\" \/>\n<meta property=\"og:site_name\" content=\"WorkLaser\" \/>\n<meta property=\"article:publisher\" content=\"https:\/\/www.facebook.com\/worklaser\" \/>\n<meta property=\"article:modified_time\" content=\"2026-01-21T14:05:04+00:00\" \/>\n<meta property=\"og:image\" content=\"https:\/\/worklaser.pt\/wp-content\/uploads\/2022\/02\/3-1.jpg\" \/>\n\t<meta property=\"og:image:width\" content=\"600\" \/>\n\t<meta property=\"og:image:height\" content=\"469\" \/>\n<meta property=\"fb:app_id\" content=\"275000290498322\" \/>\n<meta name=\"twitter:card\" content=\"summary_large_image\" \/>\n<script type=\"application\/ld+json\" class=\"yoast-schema-graph\">{\"@context\":\"https:\/\/schema.org\",\"@graph\":[{\"@type\":\"WebSite\",\"@id\":\"https:\/\/worklaser.pt\/#website\",\"url\":\"https:\/\/worklaser.pt\/\",\"name\":\"WorkLaser\",\"description\":\"Loja Online\",\"potentialAction\":[{\"@type\":\"SearchAction\",\"target\":\"https:\/\/worklaser.pt\/?s={search_term_string}\",\"query-input\":\"required name=search_term_string\"}],\"inLanguage\":\"pt-PT\"},{\"@type\":\"ImageObject\",\"@id\":\"https:\/\/worklaser.pt\/?product=convite-comunhao-3#primaryimage\",\"inLanguage\":\"pt-PT\",\"url\":\"https:\/\/worklaser.pt\/wp-content\/uploads\/2022\/02\/3-1.jpg\",\"width\":600,\"height\":469},{\"@type\":\"WebPage\",\"@id\":\"https:\/\/worklaser.pt\/?product=convite-comunhao-3#webpage\",\"url\":\"https:\/\/worklaser.pt\/?product=convite-comunhao-3\",\"name\":\"Convite Comunh\\u00e3o 3 - WorkLaser\",\"isPartOf\":{\"@id\":\"https:\/\/worklaser.pt\/#website\"},\"primaryImageOfPage\":{\"@id\":\"https:\/\/worklaser.pt\/?product=convite-comunhao-3#primaryimage\"},\"datePublished\":\"2022-02-13T16:58:44+00:00\",\"dateModified\":\"2026-01-21T14:05:04+00:00\",\"inLanguage\":\"pt-PT\",\"potentialAction\":[{\"@type\":\"ReadAction\",\"target\":[\"https:\/\/worklaser.pt\/?product=convite-comunhao-3\"]}]}]}<\/script>\n<!-- \/ Yoast SEO plugin. -->","builder_content":"","_links":{"self":[{"href":"https:\/\/worklaser.pt\/index.php?rest_route=\/wp\/v2\/product\/10982"}],"collection":[{"href":"https:\/\/worklaser.pt\/index.php?rest_route=\/wp\/v2\/product"}],"about":[{"href":"https:\/\/worklaser.pt\/index.php?rest_route=\/wp\/v2\/types\/product"}],"replies":[{"embeddable":true,"href":"https:\/\/worklaser.pt\/index.php?rest_route=%2Fwp%2Fv2%2Fcomments&post=10982"}],"wp:featuredmedia":[{"embeddable":true,"href":"https:\/\/worklaser.pt\/index.php?rest_route=\/wp\/v2\/media\/10891"}],"wp:attachment":[{"href":"https:\/\/worklaser.pt\/index.php?rest_route=%2Fwp%2Fv2%2Fmedia&parent=10982"}],"wp:term":[{"taxonomy":"product_cat","embeddable":true,"href":"https:\/\/worklaser.pt\/index.php?rest_route=%2Fwp%2Fv2%2Fproduct_cat&post=10982"},{"taxonomy":"product_tag","embeddable":true,"href":"https:\/\/worklaser.pt\/index.php?rest_route=%2Fwp%2Fv2%2Fproduct_tag&post=10982"}],"curies":[{"name":"wp","href":"https:\/\/api.w.org\/{rel}","templated":true}]}}