{"id":10939,"date":"2022-02-13T15:38:48","date_gmt":"2022-02-13T15:38:48","guid":{"rendered":"https:\/\/worklaser.pt\/?post_type=product&#038;p=10939"},"modified":"2025-01-16T14:58:12","modified_gmt":"2025-01-16T14:58:12","slug":"moldura-comunhao-menina","status":"publish","type":"product","link":"https:\/\/worklaser.pt\/?product=moldura-comunhao-menina","title":{"rendered":"Moldura Comunh\u00e3o Menina"},"content":{"rendered":"","protected":false},"excerpt":{"rendered":"<p>Mini moldura em mdf branco com personaliza\u00e7\u00e3o de nome e data.<br \/>\nMoldura para foto circular de 6cm de di\u00e2metro.<br \/>\nN\u00e3o inclui coloca\u00e7\u00e3o de fotografia.<\/p>\n<p>Tamanho da pe\u00e7a: 12cm x 9cm<\/p>\n<p><strong>M\u00ednimo compra 10 unidades <\/strong>( caso necessite de menos entre em contacto connosco).<\/p>\n<p>Tempo de entrega 10-15 dias \u00fateis<\/p>\n","protected":false},"featured_media":10881,"comment_status":"open","ping_status":"closed","template":"","meta":[],"product_cat":[96,101],"product_tag":[],"yoast_head":"<!-- This site is optimized with the Yoast SEO plugin v14.5 - https:\/\/yoast.com\/wordpress\/plugins\/seo\/ -->\n<title>Moldura Comunh\u00e3o Menina - WorkLaser<\/title>\n<meta name=\"robots\" content=\"index, follow\" \/>\n<meta name=\"googlebot\" content=\"index, follow, max-snippet:-1, max-image-preview:large, max-video-preview:-1\" \/>\n<meta name=\"bingbot\" content=\"index, follow, max-snippet:-1, max-image-preview:large, max-video-preview:-1\" \/>\n<link rel=\"canonical\" href=\"https:\/\/worklaser.pt\/?product=moldura-comunhao-menina\" \/>\n<meta property=\"og:locale\" content=\"pt_PT\" \/>\n<meta property=\"og:type\" content=\"article\" \/>\n<meta property=\"og:title\" content=\"Moldura Comunh\u00e3o Menina - WorkLaser\" \/>\n<meta property=\"og:description\" content=\"Mini moldura em mdf branco com personaliza\u00e7\u00e3o de nome e data. Moldura para foto circular de 6cm de di\u00e2metro. N\u00e3o inclui coloca\u00e7\u00e3o de fotografia.  Tamanho da pe\u00e7a: 12cm x 9cm  M\u00ednimo compra 10 unidades ( caso necessite de menos entre em contacto connosco).  Tempo de entrega 10-15 dias \u00fateis\" \/>\n<meta property=\"og:url\" content=\"https:\/\/worklaser.pt\/?product=moldura-comunhao-menina\" \/>\n<meta property=\"og:site_name\" content=\"WorkLaser\" \/>\n<meta property=\"article:publisher\" content=\"https:\/\/www.facebook.com\/worklaser\" \/>\n<meta property=\"article:modified_time\" content=\"2025-01-16T14:58:12+00:00\" \/>\n<meta property=\"og:image\" content=\"https:\/\/worklaser.pt\/wp-content\/uploads\/2022\/02\/18.jpg\" \/>\n\t<meta property=\"og:image:width\" content=\"600\" \/>\n\t<meta property=\"og:image:height\" content=\"469\" \/>\n<meta property=\"fb:app_id\" content=\"275000290498322\" \/>\n<meta name=\"twitter:card\" content=\"summary_large_image\" \/>\n<script type=\"application\/ld+json\" class=\"yoast-schema-graph\">{\"@context\":\"https:\/\/schema.org\",\"@graph\":[{\"@type\":\"WebSite\",\"@id\":\"https:\/\/worklaser.pt\/#website\",\"url\":\"https:\/\/worklaser.pt\/\",\"name\":\"WorkLaser\",\"description\":\"Loja Online\",\"potentialAction\":[{\"@type\":\"SearchAction\",\"target\":\"https:\/\/worklaser.pt\/?s={search_term_string}\",\"query-input\":\"required name=search_term_string\"}],\"inLanguage\":\"pt-PT\"},{\"@type\":\"ImageObject\",\"@id\":\"https:\/\/worklaser.pt\/?product=moldura-comunhao-menina#primaryimage\",\"inLanguage\":\"pt-PT\",\"url\":\"https:\/\/worklaser.pt\/wp-content\/uploads\/2022\/02\/18.jpg\",\"width\":600,\"height\":469},{\"@type\":\"WebPage\",\"@id\":\"https:\/\/worklaser.pt\/?product=moldura-comunhao-menina#webpage\",\"url\":\"https:\/\/worklaser.pt\/?product=moldura-comunhao-menina\",\"name\":\"Moldura Comunh\\u00e3o Menina - WorkLaser\",\"isPartOf\":{\"@id\":\"https:\/\/worklaser.pt\/#website\"},\"primaryImageOfPage\":{\"@id\":\"https:\/\/worklaser.pt\/?product=moldura-comunhao-menina#primaryimage\"},\"datePublished\":\"2022-02-13T15:38:48+00:00\",\"dateModified\":\"2025-01-16T14:58:12+00:00\",\"inLanguage\":\"pt-PT\",\"potentialAction\":[{\"@type\":\"ReadAction\",\"target\":[\"https:\/\/worklaser.pt\/?product=moldura-comunhao-menina\"]}]}]}<\/script>\n<!-- \/ Yoast SEO plugin. -->","builder_content":"","_links":{"self":[{"href":"https:\/\/worklaser.pt\/index.php?rest_route=\/wp\/v2\/product\/10939"}],"collection":[{"href":"https:\/\/worklaser.pt\/index.php?rest_route=\/wp\/v2\/product"}],"about":[{"href":"https:\/\/worklaser.pt\/index.php?rest_route=\/wp\/v2\/types\/product"}],"replies":[{"embeddable":true,"href":"https:\/\/worklaser.pt\/index.php?rest_route=%2Fwp%2Fv2%2Fcomments&post=10939"}],"wp:featuredmedia":[{"embeddable":true,"href":"https:\/\/worklaser.pt\/index.php?rest_route=\/wp\/v2\/media\/10881"}],"wp:attachment":[{"href":"https:\/\/worklaser.pt\/index.php?rest_route=%2Fwp%2Fv2%2Fmedia&parent=10939"}],"wp:term":[{"taxonomy":"product_cat","embeddable":true,"href":"https:\/\/worklaser.pt\/index.php?rest_route=%2Fwp%2Fv2%2Fproduct_cat&post=10939"},{"taxonomy":"product_tag","embeddable":true,"href":"https:\/\/worklaser.pt\/index.php?rest_route=%2Fwp%2Fv2%2Fproduct_tag&post=10939"}],"curies":[{"name":"wp","href":"https:\/\/api.w.org\/{rel}","templated":true}]}}