{"id":10792,"date":"2022-01-21T18:45:04","date_gmt":"2022-01-21T18:45:04","guid":{"rendered":"https:\/\/worklaser.pt\/?post_type=product&#038;p=10792"},"modified":"2022-01-21T18:45:04","modified_gmt":"2022-01-21T18:45:04","slug":"arvore-de-assinatura","status":"publish","type":"product","link":"https:\/\/worklaser.pt\/?product=arvore-de-assinatura","title":{"rendered":"\u00c1rvore de Assinatura"},"content":{"rendered":"","protected":false},"excerpt":{"rendered":"<p>\u00c1rvore com cora\u00e7\u00f5es para assinatura.<br \/>\nEm mdf branco.<br \/>\nPersonalizada com iniciais dos nomes.<br \/>\nO valor depende da quantidade de cora\u00e7\u00f5es.<br \/>\nTamanho da arvore 55cm x 43cm.<br \/>\nTamanho dos cora\u00e7\u00f5es: 3,5cm x 3cm<br \/>\nCapacidade M\u00e1xima 80 cora\u00e7\u00f5es<\/p>\n<p>Tempo de entrega 15\/20 dias \u00fateis<\/p>\n","protected":false},"featured_media":10711,"comment_status":"open","ping_status":"closed","template":"","meta":[],"product_cat":[57,85],"product_tag":[],"yoast_head":"<!-- This site is optimized with the Yoast SEO plugin v14.5 - https:\/\/yoast.com\/wordpress\/plugins\/seo\/ -->\n<title>\u00c1rvore de Assinatura - WorkLaser<\/title>\n<meta name=\"robots\" content=\"index, follow\" \/>\n<meta name=\"googlebot\" content=\"index, follow, max-snippet:-1, max-image-preview:large, max-video-preview:-1\" \/>\n<meta name=\"bingbot\" content=\"index, follow, max-snippet:-1, max-image-preview:large, max-video-preview:-1\" \/>\n<link rel=\"canonical\" href=\"https:\/\/worklaser.pt\/?product=arvore-de-assinatura\" \/>\n<meta property=\"og:locale\" content=\"pt_PT\" \/>\n<meta property=\"og:type\" content=\"article\" \/>\n<meta property=\"og:title\" content=\"\u00c1rvore de Assinatura - WorkLaser\" \/>\n<meta property=\"og:description\" content=\"\u00c1rvore com cora\u00e7\u00f5es para assinatura. Em mdf branco. Personalizada com iniciais dos nomes. O valor depende da quantidade de cora\u00e7\u00f5es. Tamanho da arvore 55cm x 43cm. Tamanho dos cora\u00e7\u00f5es: 3,5cm x 3cm Capacidade M\u00e1xima 80 cora\u00e7\u00f5es  Tempo de entrega 15\/20 dias \u00fateis\" \/>\n<meta property=\"og:url\" content=\"https:\/\/worklaser.pt\/?product=arvore-de-assinatura\" \/>\n<meta property=\"og:site_name\" content=\"WorkLaser\" \/>\n<meta property=\"article:publisher\" content=\"https:\/\/www.facebook.com\/worklaser\" \/>\n<meta property=\"og:image\" content=\"https:\/\/worklaser.pt\/wp-content\/uploads\/2022\/01\/\u00c1rvore-foto-2.jpg\" \/>\n\t<meta property=\"og:image:width\" content=\"492\" \/>\n\t<meta property=\"og:image:height\" content=\"384\" \/>\n<meta property=\"fb:app_id\" content=\"275000290498322\" \/>\n<meta name=\"twitter:card\" content=\"summary_large_image\" \/>\n<script type=\"application\/ld+json\" class=\"yoast-schema-graph\">{\"@context\":\"https:\/\/schema.org\",\"@graph\":[{\"@type\":\"WebSite\",\"@id\":\"https:\/\/worklaser.pt\/#website\",\"url\":\"https:\/\/worklaser.pt\/\",\"name\":\"WorkLaser\",\"description\":\"Loja Online\",\"potentialAction\":[{\"@type\":\"SearchAction\",\"target\":\"https:\/\/worklaser.pt\/?s={search_term_string}\",\"query-input\":\"required name=search_term_string\"}],\"inLanguage\":\"pt-PT\"},{\"@type\":\"ImageObject\",\"@id\":\"https:\/\/worklaser.pt\/?product=arvore-de-assinatura#primaryimage\",\"inLanguage\":\"pt-PT\",\"url\":\"https:\/\/worklaser.pt\/wp-content\/uploads\/2022\/01\/\\u00c1rvore-foto-2.jpg\",\"width\":492,\"height\":384},{\"@type\":\"WebPage\",\"@id\":\"https:\/\/worklaser.pt\/?product=arvore-de-assinatura#webpage\",\"url\":\"https:\/\/worklaser.pt\/?product=arvore-de-assinatura\",\"name\":\"\\u00c1rvore de Assinatura - WorkLaser\",\"isPartOf\":{\"@id\":\"https:\/\/worklaser.pt\/#website\"},\"primaryImageOfPage\":{\"@id\":\"https:\/\/worklaser.pt\/?product=arvore-de-assinatura#primaryimage\"},\"datePublished\":\"2022-01-21T18:45:04+00:00\",\"dateModified\":\"2022-01-21T18:45:04+00:00\",\"inLanguage\":\"pt-PT\",\"potentialAction\":[{\"@type\":\"ReadAction\",\"target\":[\"https:\/\/worklaser.pt\/?product=arvore-de-assinatura\"]}]}]}<\/script>\n<!-- \/ Yoast SEO plugin. -->","builder_content":"","_links":{"self":[{"href":"https:\/\/worklaser.pt\/index.php?rest_route=\/wp\/v2\/product\/10792"}],"collection":[{"href":"https:\/\/worklaser.pt\/index.php?rest_route=\/wp\/v2\/product"}],"about":[{"href":"https:\/\/worklaser.pt\/index.php?rest_route=\/wp\/v2\/types\/product"}],"replies":[{"embeddable":true,"href":"https:\/\/worklaser.pt\/index.php?rest_route=%2Fwp%2Fv2%2Fcomments&post=10792"}],"wp:featuredmedia":[{"embeddable":true,"href":"https:\/\/worklaser.pt\/index.php?rest_route=\/wp\/v2\/media\/10711"}],"wp:attachment":[{"href":"https:\/\/worklaser.pt\/index.php?rest_route=%2Fwp%2Fv2%2Fmedia&parent=10792"}],"wp:term":[{"taxonomy":"product_cat","embeddable":true,"href":"https:\/\/worklaser.pt\/index.php?rest_route=%2Fwp%2Fv2%2Fproduct_cat&post=10792"},{"taxonomy":"product_tag","embeddable":true,"href":"https:\/\/worklaser.pt\/index.php?rest_route=%2Fwp%2Fv2%2Fproduct_tag&post=10792"}],"curies":[{"name":"wp","href":"https:\/\/api.w.org\/{rel}","templated":true}]}}