{"id":10778,"date":"2022-01-21T18:24:26","date_gmt":"2022-01-21T18:24:26","guid":{"rendered":"https:\/\/worklaser.pt\/?post_type=product&#038;p=10778"},"modified":"2026-03-12T12:48:06","modified_gmt":"2026-03-12T12:48:06","slug":"quadro-mealheiro-5","status":"publish","type":"product","link":"https:\/\/worklaser.pt\/?product=quadro-mealheiro-5","title":{"rendered":"Quadro Mealheiro 5"},"content":{"rendered":"","protected":false},"excerpt":{"rendered":"<p>Quadro mealheiro em madeira com pintura em branco.<br \/>\nPintura de alta qualidade.<br \/>\nApoios &#8220;p\u00e9s&#8221; para manter o mealheiro de p\u00e9<br \/>\nCora\u00e7\u00f5es em madeira clara de v\u00e1rios tamanhos (4cm, 4.5cm e 5cm)<br \/>\nA caixa que se encontra ao lado tamb\u00e9m \u00e9 personalizada com nomes e data na tampa exterior.<\/p>\n<p>Tempo de entrega 20-25 dias \u00fateis<\/p>\n","protected":false},"featured_media":10705,"comment_status":"open","ping_status":"closed","template":"","meta":[],"product_cat":[48,57,84],"product_tag":[],"yoast_head":"<!-- This site is optimized with the Yoast SEO plugin v14.5 - https:\/\/yoast.com\/wordpress\/plugins\/seo\/ -->\n<title>Quadro Mealheiro 5 - WorkLaser<\/title>\n<meta name=\"robots\" content=\"index, follow\" \/>\n<meta name=\"googlebot\" content=\"index, follow, max-snippet:-1, max-image-preview:large, max-video-preview:-1\" \/>\n<meta name=\"bingbot\" content=\"index, follow, max-snippet:-1, max-image-preview:large, max-video-preview:-1\" \/>\n<link rel=\"canonical\" href=\"https:\/\/worklaser.pt\/?product=quadro-mealheiro-5\" \/>\n<meta property=\"og:locale\" content=\"pt_PT\" \/>\n<meta property=\"og:type\" content=\"article\" \/>\n<meta property=\"og:title\" content=\"Quadro Mealheiro 5 - WorkLaser\" \/>\n<meta property=\"og:description\" content=\"Quadro mealheiro em madeira com pintura em branco. Pintura de alta qualidade. Apoios &quot;p\u00e9s&quot; para manter o mealheiro de p\u00e9 Cora\u00e7\u00f5es em madeira clara de v\u00e1rios tamanhos (4cm, 4.5cm e 5cm) A caixa que se encontra ao lado tamb\u00e9m \u00e9 personalizada com nomes e data na tampa exterior.  Tempo de entrega 20-25 dias \u00fateis\" \/>\n<meta property=\"og:url\" content=\"https:\/\/worklaser.pt\/?product=quadro-mealheiro-5\" \/>\n<meta property=\"og:site_name\" content=\"WorkLaser\" \/>\n<meta property=\"article:publisher\" content=\"https:\/\/www.facebook.com\/worklaser\" \/>\n<meta property=\"article:modified_time\" content=\"2026-03-12T12:48:06+00:00\" \/>\n<meta property=\"og:image\" content=\"https:\/\/worklaser.pt\/wp-content\/uploads\/2022\/01\/13.jpg\" \/>\n\t<meta property=\"og:image:width\" content=\"600\" \/>\n\t<meta property=\"og:image:height\" content=\"469\" \/>\n<meta property=\"fb:app_id\" content=\"275000290498322\" \/>\n<meta name=\"twitter:card\" content=\"summary_large_image\" \/>\n<script type=\"application\/ld+json\" class=\"yoast-schema-graph\">{\"@context\":\"https:\/\/schema.org\",\"@graph\":[{\"@type\":\"WebSite\",\"@id\":\"https:\/\/worklaser.pt\/#website\",\"url\":\"https:\/\/worklaser.pt\/\",\"name\":\"WorkLaser\",\"description\":\"Loja Online\",\"potentialAction\":[{\"@type\":\"SearchAction\",\"target\":\"https:\/\/worklaser.pt\/?s={search_term_string}\",\"query-input\":\"required name=search_term_string\"}],\"inLanguage\":\"pt-PT\"},{\"@type\":\"ImageObject\",\"@id\":\"https:\/\/worklaser.pt\/?product=quadro-mealheiro-5#primaryimage\",\"inLanguage\":\"pt-PT\",\"url\":\"https:\/\/worklaser.pt\/wp-content\/uploads\/2022\/01\/13.jpg\",\"width\":600,\"height\":469},{\"@type\":\"WebPage\",\"@id\":\"https:\/\/worklaser.pt\/?product=quadro-mealheiro-5#webpage\",\"url\":\"https:\/\/worklaser.pt\/?product=quadro-mealheiro-5\",\"name\":\"Quadro Mealheiro 5 - WorkLaser\",\"isPartOf\":{\"@id\":\"https:\/\/worklaser.pt\/#website\"},\"primaryImageOfPage\":{\"@id\":\"https:\/\/worklaser.pt\/?product=quadro-mealheiro-5#primaryimage\"},\"datePublished\":\"2022-01-21T18:24:26+00:00\",\"dateModified\":\"2026-03-12T12:48:06+00:00\",\"inLanguage\":\"pt-PT\",\"potentialAction\":[{\"@type\":\"ReadAction\",\"target\":[\"https:\/\/worklaser.pt\/?product=quadro-mealheiro-5\"]}]}]}<\/script>\n<!-- \/ Yoast SEO plugin. -->","builder_content":"","_links":{"self":[{"href":"https:\/\/worklaser.pt\/index.php?rest_route=\/wp\/v2\/product\/10778"}],"collection":[{"href":"https:\/\/worklaser.pt\/index.php?rest_route=\/wp\/v2\/product"}],"about":[{"href":"https:\/\/worklaser.pt\/index.php?rest_route=\/wp\/v2\/types\/product"}],"replies":[{"embeddable":true,"href":"https:\/\/worklaser.pt\/index.php?rest_route=%2Fwp%2Fv2%2Fcomments&post=10778"}],"wp:featuredmedia":[{"embeddable":true,"href":"https:\/\/worklaser.pt\/index.php?rest_route=\/wp\/v2\/media\/10705"}],"wp:attachment":[{"href":"https:\/\/worklaser.pt\/index.php?rest_route=%2Fwp%2Fv2%2Fmedia&parent=10778"}],"wp:term":[{"taxonomy":"product_cat","embeddable":true,"href":"https:\/\/worklaser.pt\/index.php?rest_route=%2Fwp%2Fv2%2Fproduct_cat&post=10778"},{"taxonomy":"product_tag","embeddable":true,"href":"https:\/\/worklaser.pt\/index.php?rest_route=%2Fwp%2Fv2%2Fproduct_tag&post=10778"}],"curies":[{"name":"wp","href":"https:\/\/api.w.org\/{rel}","templated":true}]}}