{"id":10773,"date":"2022-01-20T16:49:15","date_gmt":"2022-01-20T16:49:15","guid":{"rendered":"https:\/\/worklaser.pt\/?post_type=product&#038;p=10773"},"modified":"2026-01-20T19:45:36","modified_gmt":"2026-01-20T19:45:36","slug":"box-coracao-flores","status":"publish","type":"product","link":"https:\/\/worklaser.pt\/?product=box-coracao-flores","title":{"rendered":"Box Cora\u00e7\u00e3o Flores"},"content":{"rendered":"","protected":false},"excerpt":{"rendered":"<p>Caixa cora\u00e7\u00e3o em madeira clara com tampa em acr\u00edlico com:<\/p>\n<p>&#8211; flores artificiais<\/p>\n<p>&#8211; chocolates kinder bueno<\/p>\n<p>&#8211; Chocolates cora\u00e7\u00e3o da Avianense<\/p>\n<p>As flores s\u00e3o de sab\u00e3o e tem um toque e cheiro praticamente real.<\/p>\n<p>Tamanho da caixa: 28cm x 25cm<\/p>\n<p>Tempo de entrega: 10\/12 dias \u00fateis ap\u00f3s confirma\u00e7\u00e3o de pagamento<\/p>\n","protected":false},"featured_media":10774,"comment_status":"open","ping_status":"closed","template":"","meta":[],"product_cat":[118],"product_tag":[],"yoast_head":"<!-- This site is optimized with the Yoast SEO plugin v14.5 - https:\/\/yoast.com\/wordpress\/plugins\/seo\/ -->\n<title>Box Cora\u00e7\u00e3o Flores - WorkLaser<\/title>\n<meta name=\"robots\" content=\"index, follow\" \/>\n<meta name=\"googlebot\" content=\"index, follow, max-snippet:-1, max-image-preview:large, max-video-preview:-1\" \/>\n<meta name=\"bingbot\" content=\"index, follow, max-snippet:-1, max-image-preview:large, max-video-preview:-1\" \/>\n<link rel=\"canonical\" href=\"https:\/\/worklaser.pt\/?product=box-coracao-flores\" \/>\n<meta property=\"og:locale\" content=\"pt_PT\" \/>\n<meta property=\"og:type\" content=\"article\" \/>\n<meta property=\"og:title\" content=\"Box Cora\u00e7\u00e3o Flores - WorkLaser\" \/>\n<meta property=\"og:description\" content=\"Caixa cora\u00e7\u00e3o em madeira clara com tampa em acr\u00edlico com:  - flores artificiais  - chocolates kinder bueno  - Chocolates cora\u00e7\u00e3o da Avianense  As flores s\u00e3o de sab\u00e3o e tem um toque e cheiro praticamente real.  Tamanho da caixa: 28cm x 25cm  Tempo de entrega: 10\/12 dias \u00fateis ap\u00f3s confirma\u00e7\u00e3o de pagamento\" \/>\n<meta property=\"og:url\" content=\"https:\/\/worklaser.pt\/?product=box-coracao-flores\" \/>\n<meta property=\"og:site_name\" content=\"WorkLaser\" \/>\n<meta property=\"article:publisher\" content=\"https:\/\/www.facebook.com\/worklaser\" \/>\n<meta property=\"article:modified_time\" content=\"2026-01-20T19:45:36+00:00\" \/>\n<meta property=\"og:image\" content=\"https:\/\/worklaser.pt\/wp-content\/uploads\/2022\/01\/caixa-flores-1.jpg\" \/>\n\t<meta property=\"og:image:width\" content=\"600\" \/>\n\t<meta property=\"og:image:height\" content=\"469\" \/>\n<meta property=\"fb:app_id\" content=\"275000290498322\" \/>\n<meta name=\"twitter:card\" content=\"summary_large_image\" \/>\n<script type=\"application\/ld+json\" class=\"yoast-schema-graph\">{\"@context\":\"https:\/\/schema.org\",\"@graph\":[{\"@type\":\"WebSite\",\"@id\":\"https:\/\/worklaser.pt\/#website\",\"url\":\"https:\/\/worklaser.pt\/\",\"name\":\"WorkLaser\",\"description\":\"Loja Online\",\"potentialAction\":[{\"@type\":\"SearchAction\",\"target\":\"https:\/\/worklaser.pt\/?s={search_term_string}\",\"query-input\":\"required name=search_term_string\"}],\"inLanguage\":\"pt-PT\"},{\"@type\":\"ImageObject\",\"@id\":\"https:\/\/worklaser.pt\/?product=box-coracao-flores#primaryimage\",\"inLanguage\":\"pt-PT\",\"url\":\"https:\/\/worklaser.pt\/wp-content\/uploads\/2022\/01\/caixa-flores-1.jpg\",\"width\":600,\"height\":469},{\"@type\":\"WebPage\",\"@id\":\"https:\/\/worklaser.pt\/?product=box-coracao-flores#webpage\",\"url\":\"https:\/\/worklaser.pt\/?product=box-coracao-flores\",\"name\":\"Box Cora\\u00e7\\u00e3o Flores - WorkLaser\",\"isPartOf\":{\"@id\":\"https:\/\/worklaser.pt\/#website\"},\"primaryImageOfPage\":{\"@id\":\"https:\/\/worklaser.pt\/?product=box-coracao-flores#primaryimage\"},\"datePublished\":\"2022-01-20T16:49:15+00:00\",\"dateModified\":\"2026-01-20T19:45:36+00:00\",\"inLanguage\":\"pt-PT\",\"potentialAction\":[{\"@type\":\"ReadAction\",\"target\":[\"https:\/\/worklaser.pt\/?product=box-coracao-flores\"]}]}]}<\/script>\n<!-- \/ Yoast SEO plugin. -->","builder_content":"","_links":{"self":[{"href":"https:\/\/worklaser.pt\/index.php?rest_route=\/wp\/v2\/product\/10773"}],"collection":[{"href":"https:\/\/worklaser.pt\/index.php?rest_route=\/wp\/v2\/product"}],"about":[{"href":"https:\/\/worklaser.pt\/index.php?rest_route=\/wp\/v2\/types\/product"}],"replies":[{"embeddable":true,"href":"https:\/\/worklaser.pt\/index.php?rest_route=%2Fwp%2Fv2%2Fcomments&post=10773"}],"wp:featuredmedia":[{"embeddable":true,"href":"https:\/\/worklaser.pt\/index.php?rest_route=\/wp\/v2\/media\/10774"}],"wp:attachment":[{"href":"https:\/\/worklaser.pt\/index.php?rest_route=%2Fwp%2Fv2%2Fmedia&parent=10773"}],"wp:term":[{"taxonomy":"product_cat","embeddable":true,"href":"https:\/\/worklaser.pt\/index.php?rest_route=%2Fwp%2Fv2%2Fproduct_cat&post=10773"},{"taxonomy":"product_tag","embeddable":true,"href":"https:\/\/worklaser.pt\/index.php?rest_route=%2Fwp%2Fv2%2Fproduct_tag&post=10773"}],"curies":[{"name":"wp","href":"https:\/\/api.w.org\/{rel}","templated":true}]}}