{"id":10637,"date":"2022-01-03T12:25:32","date_gmt":"2022-01-03T12:25:32","guid":{"rendered":"https:\/\/worklaser.pt\/?post_type=product&#038;p=10637"},"modified":"2026-03-12T11:41:39","modified_gmt":"2026-03-12T11:41:39","slug":"peca-noivos-e-crianca-1","status":"publish","type":"product","link":"https:\/\/worklaser.pt\/?product=peca-noivos-e-crianca-1","title":{"rendered":"Pe\u00e7a Noivos e Filho"},"content":{"rendered":"","protected":false},"excerpt":{"rendered":"<p>Lembran\u00e7a noivos em crian\u00e7as e com base<br \/>\nEm mdf branco e cora\u00e7\u00e3o pintado.<br \/>\nCaso queira outra cor para o cora\u00e7\u00e3o entre em contato connosco.<br \/>\nTamanho: 9cm x 8,5cm<\/p>\n<p><strong>M\u00ednimo compra 15 unidades <\/strong>( caso necessite de menos entre em contacto connosco).<\/p>\n<p>Tempo de entrega 15-20 dias \u00fateis<\/p>\n","protected":false},"featured_media":10159,"comment_status":"open","ping_status":"closed","template":"","meta":[],"product_cat":[48,56,71,73],"product_tag":[],"yoast_head":"<!-- This site is optimized with the Yoast SEO plugin v14.5 - https:\/\/yoast.com\/wordpress\/plugins\/seo\/ -->\n<title>Pe\u00e7a Noivos e Filho - WorkLaser<\/title>\n<meta name=\"robots\" content=\"index, follow\" \/>\n<meta name=\"googlebot\" content=\"index, follow, max-snippet:-1, max-image-preview:large, max-video-preview:-1\" \/>\n<meta name=\"bingbot\" content=\"index, follow, max-snippet:-1, max-image-preview:large, max-video-preview:-1\" \/>\n<link rel=\"canonical\" href=\"https:\/\/worklaser.pt\/?product=peca-noivos-e-crianca-1\" \/>\n<meta property=\"og:locale\" content=\"pt_PT\" \/>\n<meta property=\"og:type\" content=\"article\" \/>\n<meta property=\"og:title\" content=\"Pe\u00e7a Noivos e Filho - WorkLaser\" \/>\n<meta property=\"og:description\" content=\"Lembran\u00e7a noivos em crian\u00e7as e com base Em mdf branco e cora\u00e7\u00e3o pintado. Caso queira outra cor para o cora\u00e7\u00e3o entre em contato connosco. Tamanho: 9cm x 8,5cm  M\u00ednimo compra 15 unidades ( caso necessite de menos entre em contacto connosco).  Tempo de entrega 15-20 dias \u00fateis\" \/>\n<meta property=\"og:url\" content=\"https:\/\/worklaser.pt\/?product=peca-noivos-e-crianca-1\" \/>\n<meta property=\"og:site_name\" content=\"WorkLaser\" \/>\n<meta property=\"article:publisher\" content=\"https:\/\/www.facebook.com\/worklaser\" \/>\n<meta property=\"article:modified_time\" content=\"2026-03-12T11:41:39+00:00\" \/>\n<meta property=\"og:image\" content=\"https:\/\/worklaser.pt\/wp-content\/uploads\/2021\/11\/Noivos-com-Filha-2.jpg\" \/>\n\t<meta property=\"og:image:width\" content=\"492\" \/>\n\t<meta property=\"og:image:height\" content=\"384\" \/>\n<meta property=\"fb:app_id\" content=\"275000290498322\" \/>\n<meta name=\"twitter:card\" content=\"summary_large_image\" \/>\n<script type=\"application\/ld+json\" class=\"yoast-schema-graph\">{\"@context\":\"https:\/\/schema.org\",\"@graph\":[{\"@type\":\"WebSite\",\"@id\":\"https:\/\/worklaser.pt\/#website\",\"url\":\"https:\/\/worklaser.pt\/\",\"name\":\"WorkLaser\",\"description\":\"Loja Online\",\"potentialAction\":[{\"@type\":\"SearchAction\",\"target\":\"https:\/\/worklaser.pt\/?s={search_term_string}\",\"query-input\":\"required name=search_term_string\"}],\"inLanguage\":\"pt-PT\"},{\"@type\":\"ImageObject\",\"@id\":\"https:\/\/worklaser.pt\/?product=peca-noivos-e-crianca-1#primaryimage\",\"inLanguage\":\"pt-PT\",\"url\":\"https:\/\/worklaser.pt\/wp-content\/uploads\/2021\/11\/Noivos-com-Filha-2.jpg\",\"width\":492,\"height\":384},{\"@type\":\"WebPage\",\"@id\":\"https:\/\/worklaser.pt\/?product=peca-noivos-e-crianca-1#webpage\",\"url\":\"https:\/\/worklaser.pt\/?product=peca-noivos-e-crianca-1\",\"name\":\"Pe\\u00e7a Noivos e Filho - WorkLaser\",\"isPartOf\":{\"@id\":\"https:\/\/worklaser.pt\/#website\"},\"primaryImageOfPage\":{\"@id\":\"https:\/\/worklaser.pt\/?product=peca-noivos-e-crianca-1#primaryimage\"},\"datePublished\":\"2022-01-03T12:25:32+00:00\",\"dateModified\":\"2026-03-12T11:41:39+00:00\",\"inLanguage\":\"pt-PT\",\"potentialAction\":[{\"@type\":\"ReadAction\",\"target\":[\"https:\/\/worklaser.pt\/?product=peca-noivos-e-crianca-1\"]}]}]}<\/script>\n<!-- \/ Yoast SEO plugin. -->","builder_content":"","_links":{"self":[{"href":"https:\/\/worklaser.pt\/index.php?rest_route=\/wp\/v2\/product\/10637"}],"collection":[{"href":"https:\/\/worklaser.pt\/index.php?rest_route=\/wp\/v2\/product"}],"about":[{"href":"https:\/\/worklaser.pt\/index.php?rest_route=\/wp\/v2\/types\/product"}],"replies":[{"embeddable":true,"href":"https:\/\/worklaser.pt\/index.php?rest_route=%2Fwp%2Fv2%2Fcomments&post=10637"}],"wp:featuredmedia":[{"embeddable":true,"href":"https:\/\/worklaser.pt\/index.php?rest_route=\/wp\/v2\/media\/10159"}],"wp:attachment":[{"href":"https:\/\/worklaser.pt\/index.php?rest_route=%2Fwp%2Fv2%2Fmedia&parent=10637"}],"wp:term":[{"taxonomy":"product_cat","embeddable":true,"href":"https:\/\/worklaser.pt\/index.php?rest_route=%2Fwp%2Fv2%2Fproduct_cat&post=10637"},{"taxonomy":"product_tag","embeddable":true,"href":"https:\/\/worklaser.pt\/index.php?rest_route=%2Fwp%2Fv2%2Fproduct_tag&post=10637"}],"curies":[{"name":"wp","href":"https:\/\/api.w.org\/{rel}","templated":true}]}}