{"id":10340,"date":"2021-11-13T18:43:42","date_gmt":"2021-11-13T18:43:42","guid":{"rendered":"https:\/\/worklaser.pt\/?post_type=product&#038;p=10340"},"modified":"2024-03-07T18:30:37","modified_gmt":"2024-03-07T18:30:37","slug":"caixa-madrinha","status":"publish","type":"product","link":"https:\/\/worklaser.pt\/?product=caixa-madrinha","title":{"rendered":"Caixa Madrinha"},"content":{"rendered":"","protected":false},"excerpt":{"rendered":"<p>Caixa em madeira natural:<br \/>\n&#8211; Personalizada na tampa exterior com nomes e data<\/p>\n<p>&#8211; Convite em papel com frase personalizada<\/p>\n<p>&#8211; Pode escolher os 3 produtos a colocar na caixa<\/p>\n<p>O pendente da pulseira diz &#8220;Adoro-te Madrinha&#8221; .<br \/>\nA caneta e o porta velas s\u00e3o personalizados com nome da madrinha.<br \/>\nO Mateus Ros\u00e9 \u00e9 de 25cl e o Espumante \u00e9 de 20cl<\/p>\n<p>Tamanho da caixa: 24 x 14 x 8,5cm<br \/>\nTempo de entrega: 15-20 dias \u00fateis<\/p>\n","protected":false},"featured_media":10313,"comment_status":"open","ping_status":"closed","template":"","meta":[],"product_cat":[48,65],"product_tag":[],"yoast_head":"<!-- This site is optimized with the Yoast SEO plugin v14.5 - https:\/\/yoast.com\/wordpress\/plugins\/seo\/ -->\n<title>Caixa Madrinha - WorkLaser<\/title>\n<meta name=\"robots\" content=\"index, follow\" \/>\n<meta name=\"googlebot\" content=\"index, follow, max-snippet:-1, max-image-preview:large, max-video-preview:-1\" \/>\n<meta name=\"bingbot\" content=\"index, follow, max-snippet:-1, max-image-preview:large, max-video-preview:-1\" \/>\n<link rel=\"canonical\" href=\"https:\/\/worklaser.pt\/?product=caixa-madrinha\" \/>\n<meta property=\"og:locale\" content=\"pt_PT\" \/>\n<meta property=\"og:type\" content=\"article\" \/>\n<meta property=\"og:title\" content=\"Caixa Madrinha - WorkLaser\" \/>\n<meta property=\"og:description\" content=\"Caixa em madeira natural: - Personalizada na tampa exterior com nomes e data  - Convite em papel com frase personalizada  - Pode escolher os 3 produtos a colocar na caixa  O pendente da pulseira diz &quot;Adoro-te Madrinha&quot; . A caneta e o porta velas s\u00e3o personalizados com nome da madrinha. O Mateus Ros\u00e9 \u00e9 de 25cl e o Espumante \u00e9 de 20cl  Tamanho da caixa: 24 x 14 x 8,5cm Tempo de entrega: 15-20 dias \u00fateis\" \/>\n<meta property=\"og:url\" content=\"https:\/\/worklaser.pt\/?product=caixa-madrinha\" \/>\n<meta property=\"og:site_name\" content=\"WorkLaser\" \/>\n<meta property=\"article:publisher\" content=\"https:\/\/www.facebook.com\/worklaser\" \/>\n<meta property=\"article:modified_time\" content=\"2024-03-07T18:30:37+00:00\" \/>\n<meta property=\"og:image\" content=\"https:\/\/worklaser.pt\/wp-content\/uploads\/2021\/11\/9.jpg\" \/>\n\t<meta property=\"og:image:width\" content=\"600\" \/>\n\t<meta property=\"og:image:height\" content=\"469\" \/>\n<meta property=\"fb:app_id\" content=\"275000290498322\" \/>\n<meta name=\"twitter:card\" content=\"summary_large_image\" \/>\n<script type=\"application\/ld+json\" class=\"yoast-schema-graph\">{\"@context\":\"https:\/\/schema.org\",\"@graph\":[{\"@type\":\"WebSite\",\"@id\":\"https:\/\/worklaser.pt\/#website\",\"url\":\"https:\/\/worklaser.pt\/\",\"name\":\"WorkLaser\",\"description\":\"Loja Online\",\"potentialAction\":[{\"@type\":\"SearchAction\",\"target\":\"https:\/\/worklaser.pt\/?s={search_term_string}\",\"query-input\":\"required name=search_term_string\"}],\"inLanguage\":\"pt-PT\"},{\"@type\":\"ImageObject\",\"@id\":\"https:\/\/worklaser.pt\/?product=caixa-madrinha#primaryimage\",\"inLanguage\":\"pt-PT\",\"url\":\"https:\/\/worklaser.pt\/wp-content\/uploads\/2021\/11\/9.jpg\",\"width\":600,\"height\":469},{\"@type\":\"WebPage\",\"@id\":\"https:\/\/worklaser.pt\/?product=caixa-madrinha#webpage\",\"url\":\"https:\/\/worklaser.pt\/?product=caixa-madrinha\",\"name\":\"Caixa Madrinha - WorkLaser\",\"isPartOf\":{\"@id\":\"https:\/\/worklaser.pt\/#website\"},\"primaryImageOfPage\":{\"@id\":\"https:\/\/worklaser.pt\/?product=caixa-madrinha#primaryimage\"},\"datePublished\":\"2021-11-13T18:43:42+00:00\",\"dateModified\":\"2024-03-07T18:30:37+00:00\",\"inLanguage\":\"pt-PT\",\"potentialAction\":[{\"@type\":\"ReadAction\",\"target\":[\"https:\/\/worklaser.pt\/?product=caixa-madrinha\"]}]}]}<\/script>\n<!-- \/ Yoast SEO plugin. -->","builder_content":"","_links":{"self":[{"href":"https:\/\/worklaser.pt\/index.php?rest_route=\/wp\/v2\/product\/10340"}],"collection":[{"href":"https:\/\/worklaser.pt\/index.php?rest_route=\/wp\/v2\/product"}],"about":[{"href":"https:\/\/worklaser.pt\/index.php?rest_route=\/wp\/v2\/types\/product"}],"replies":[{"embeddable":true,"href":"https:\/\/worklaser.pt\/index.php?rest_route=%2Fwp%2Fv2%2Fcomments&post=10340"}],"wp:featuredmedia":[{"embeddable":true,"href":"https:\/\/worklaser.pt\/index.php?rest_route=\/wp\/v2\/media\/10313"}],"wp:attachment":[{"href":"https:\/\/worklaser.pt\/index.php?rest_route=%2Fwp%2Fv2%2Fmedia&parent=10340"}],"wp:term":[{"taxonomy":"product_cat","embeddable":true,"href":"https:\/\/worklaser.pt\/index.php?rest_route=%2Fwp%2Fv2%2Fproduct_cat&post=10340"},{"taxonomy":"product_tag","embeddable":true,"href":"https:\/\/worklaser.pt\/index.php?rest_route=%2Fwp%2Fv2%2Fproduct_tag&post=10340"}],"curies":[{"name":"wp","href":"https:\/\/api.w.org\/{rel}","templated":true}]}}