{"id":10238,"date":"2021-11-06T18:47:07","date_gmt":"2021-11-06T18:47:07","guid":{"rendered":"https:\/\/worklaser.pt\/?post_type=product&#038;p=10238"},"modified":"2025-01-03T15:30:21","modified_gmt":"2025-01-03T15:30:21","slug":"porta-chaves-3","status":"publish","type":"product","link":"https:\/\/worklaser.pt\/?product=porta-chaves-3","title":{"rendered":"Porta-chaves 3"},"content":{"rendered":"","protected":false},"excerpt":{"rendered":"<p>Porta chaves em madeira de faia<br \/>\nPersonalizado com nomes e data<br \/>\nTamanho: 7cm x 4.8cm<\/p>\n<p><strong>M\u00ednimo compra 15 unidades\u00a0<\/strong>( caso necessite de menos entre em contacto connosco).<br \/>\nOp\u00e7\u00e3o de acrescentar saquinho de organza branco.<\/p>\n<p>Tempo de entrega 15-20 dias \u00fateis<\/p>\n","protected":false},"featured_media":10128,"comment_status":"open","ping_status":"closed","template":"","meta":[],"product_cat":[48,56,69],"product_tag":[],"yoast_head":"<!-- This site is optimized with the Yoast SEO plugin v14.5 - https:\/\/yoast.com\/wordpress\/plugins\/seo\/ -->\n<title>Porta-chaves 3 - WorkLaser<\/title>\n<meta name=\"robots\" content=\"index, follow\" \/>\n<meta name=\"googlebot\" content=\"index, follow, max-snippet:-1, max-image-preview:large, max-video-preview:-1\" \/>\n<meta name=\"bingbot\" content=\"index, follow, max-snippet:-1, max-image-preview:large, max-video-preview:-1\" \/>\n<link rel=\"canonical\" href=\"https:\/\/worklaser.pt\/?product=porta-chaves-3\" \/>\n<meta property=\"og:locale\" content=\"pt_PT\" \/>\n<meta property=\"og:type\" content=\"article\" \/>\n<meta property=\"og:title\" content=\"Porta-chaves 3 - WorkLaser\" \/>\n<meta property=\"og:description\" content=\"Porta chaves em madeira de faia Personalizado com nomes e data Tamanho: 7cm x 4.8cm  M\u00ednimo compra 15 unidades\u00a0( caso necessite de menos entre em contacto connosco). Op\u00e7\u00e3o de acrescentar saquinho de organza branco.  Tempo de entrega 15-20 dias \u00fateis\" \/>\n<meta property=\"og:url\" content=\"https:\/\/worklaser.pt\/?product=porta-chaves-3\" \/>\n<meta property=\"og:site_name\" content=\"WorkLaser\" \/>\n<meta property=\"article:publisher\" content=\"https:\/\/www.facebook.com\/worklaser\" \/>\n<meta property=\"article:modified_time\" content=\"2025-01-03T15:30:21+00:00\" \/>\n<meta property=\"og:image\" content=\"https:\/\/worklaser.pt\/wp-content\/uploads\/2021\/11\/Clave-de-sol-cora\u00e7\u00e3o.jpg\" \/>\n\t<meta property=\"og:image:width\" content=\"492\" \/>\n\t<meta property=\"og:image:height\" content=\"384\" \/>\n<meta property=\"fb:app_id\" content=\"275000290498322\" \/>\n<meta name=\"twitter:card\" content=\"summary_large_image\" \/>\n<script type=\"application\/ld+json\" class=\"yoast-schema-graph\">{\"@context\":\"https:\/\/schema.org\",\"@graph\":[{\"@type\":\"WebSite\",\"@id\":\"https:\/\/worklaser.pt\/#website\",\"url\":\"https:\/\/worklaser.pt\/\",\"name\":\"WorkLaser\",\"description\":\"Loja Online\",\"potentialAction\":[{\"@type\":\"SearchAction\",\"target\":\"https:\/\/worklaser.pt\/?s={search_term_string}\",\"query-input\":\"required name=search_term_string\"}],\"inLanguage\":\"pt-PT\"},{\"@type\":\"ImageObject\",\"@id\":\"https:\/\/worklaser.pt\/?product=porta-chaves-3#primaryimage\",\"inLanguage\":\"pt-PT\",\"url\":\"https:\/\/worklaser.pt\/wp-content\/uploads\/2021\/11\/Clave-de-sol-cora\\u00e7\\u00e3o.jpg\",\"width\":492,\"height\":384},{\"@type\":\"WebPage\",\"@id\":\"https:\/\/worklaser.pt\/?product=porta-chaves-3#webpage\",\"url\":\"https:\/\/worklaser.pt\/?product=porta-chaves-3\",\"name\":\"Porta-chaves 3 - WorkLaser\",\"isPartOf\":{\"@id\":\"https:\/\/worklaser.pt\/#website\"},\"primaryImageOfPage\":{\"@id\":\"https:\/\/worklaser.pt\/?product=porta-chaves-3#primaryimage\"},\"datePublished\":\"2021-11-06T18:47:07+00:00\",\"dateModified\":\"2025-01-03T15:30:21+00:00\",\"inLanguage\":\"pt-PT\",\"potentialAction\":[{\"@type\":\"ReadAction\",\"target\":[\"https:\/\/worklaser.pt\/?product=porta-chaves-3\"]}]}]}<\/script>\n<!-- \/ Yoast SEO plugin. -->","builder_content":"","_links":{"self":[{"href":"https:\/\/worklaser.pt\/index.php?rest_route=\/wp\/v2\/product\/10238"}],"collection":[{"href":"https:\/\/worklaser.pt\/index.php?rest_route=\/wp\/v2\/product"}],"about":[{"href":"https:\/\/worklaser.pt\/index.php?rest_route=\/wp\/v2\/types\/product"}],"replies":[{"embeddable":true,"href":"https:\/\/worklaser.pt\/index.php?rest_route=%2Fwp%2Fv2%2Fcomments&post=10238"}],"wp:featuredmedia":[{"embeddable":true,"href":"https:\/\/worklaser.pt\/index.php?rest_route=\/wp\/v2\/media\/10128"}],"wp:attachment":[{"href":"https:\/\/worklaser.pt\/index.php?rest_route=%2Fwp%2Fv2%2Fmedia&parent=10238"}],"wp:term":[{"taxonomy":"product_cat","embeddable":true,"href":"https:\/\/worklaser.pt\/index.php?rest_route=%2Fwp%2Fv2%2Fproduct_cat&post=10238"},{"taxonomy":"product_tag","embeddable":true,"href":"https:\/\/worklaser.pt\/index.php?rest_route=%2Fwp%2Fv2%2Fproduct_tag&post=10238"}],"curies":[{"name":"wp","href":"https:\/\/api.w.org\/{rel}","templated":true}]}}