{"id":1698,"date":"2019-11-01T11:41:43","date_gmt":"2019-11-01T11:41:43","guid":{"rendered":"https:\/\/worklaser.pt\/?page_id=1698"},"modified":"2019-11-01T11:43:26","modified_gmt":"2019-11-01T11:43:26","slug":"sobre-nos","status":"publish","type":"page","link":"https:\/\/worklaser.pt\/?page_id=1698","title":{"rendered":"Sobre N\u00f3s"},"content":{"rendered":"<!-- wp:themify-builder\/canvas \/--><!--themify_builder_static--><h1 style=\"text-align: center;\">Sobre n\u00f3s<\/h1>\n<img decoding=\"async\" src=\"https:\/\/worklaser.pt\/wp-content\/uploads\/2019\/10\/aaaaa-200x54.png\" width=\"200\" alt=\"aaaaa\" srcset=\"https:\/\/worklaser.pt\/wp-content\/uploads\/2019\/10\/aaaaa-200x54.png 200w, https:\/\/worklaser.pt\/wp-content\/uploads\/2019\/10\/aaaaa.png 300w, https:\/\/worklaser.pt\/wp-content\/uploads\/2019\/10\/aaaaa-250x68.png 250w, https:\/\/worklaser.pt\/wp-content\/uploads\/2019\/10\/aaaaa-150x41.png 150w\" sizes=\"(max-width: 200px) 100vw, 200px\" \/>\n<p><br \/>A Worklaser nasceu em 2013 com o objetivo de apresentar trabalhos \u00fanicos e originais. Somos especializados no corte e grava\u00e7\u00e3o a laser, desenhamos e fabricamos uma ampla gama de artigos. Trabalhamos com muita dedica\u00e7\u00e3o para poder oferecer pe\u00e7as de qualidade aos nossos clientes.<br \/><br \/>DESENHAMOS E PRODUZIMOS:<br \/>&#8211; Lembran\u00e7as personalizadas para todos os eventos (Casamentos, batizados, festas, eventos, etc&#8230;);<br \/>&#8211; Convites de casamento, batizado, comunh\u00e3o etc..<br \/>&#8211; Pe\u00e7as de decora\u00e7\u00e3o,<br \/>&#8211; Molduras,<br \/>&#8211; Letras de Madeira e Acr\u00edlico;<br \/>&#8211; Nomes;<br \/>&#8211; Placas com nomes;<br \/>&#8211; Placas gravadas;<br \/>&#8211; Imagens recortadas e pintadas;<br \/>&#8211; Quadros de assinaturas para casamentos, batizados, etc..;<br \/>&#8211; Livros de honra;<br \/>&#8211; Caixas diversas;<br \/>&#8211; porta chaves\/\u00edmanes com logos de empresas;<br \/>&#8211; Trof\u00e9us, etc.. <br \/><br \/>Aceitamos propostas de trabalhos!<br \/><br \/>QUAIS OS MATERIAIS USADOS?<br \/>Madeiras, MDF, Acr\u00edlico, Corti\u00e7a, Papel<br \/>Trabalhamos com diferentes espessuras.<\/p><!--\/themify_builder_static-->","protected":false},"excerpt":{"rendered":"<p>Sobre n\u00f3s A Worklaser nasceu em 2013 com o objetivo de apresentar trabalhos \u00fanicos e originais. Somos especializados no corte e grava\u00e7\u00e3o a laser, desenhamos e fabricamos uma ampla gama de artigos. Trabalhamos com muita dedica\u00e7\u00e3o para poder oferecer pe\u00e7as de qualidade aos nossos clientes. DESENHAMOS E PRODUZIMOS:&#8211; Lembran\u00e7as personalizadas para todos os eventos (Casamentos, [&hellip;]<\/p>\n","protected":false},"author":1,"featured_media":0,"parent":0,"menu_order":0,"comment_status":"closed","ping_status":"closed","template":"","meta":{"footnotes":""},"yoast_head":"<!-- This site is optimized with the Yoast SEO plugin v14.5 - https:\/\/yoast.com\/wordpress\/plugins\/seo\/ -->\n<title>Sobre N\u00f3s - WorkLaser<\/title>\n<meta name=\"robots\" content=\"index, follow\" \/>\n<meta name=\"googlebot\" content=\"index, follow, max-snippet:-1, max-image-preview:large, max-video-preview:-1\" \/>\n<meta name=\"bingbot\" content=\"index, follow, max-snippet:-1, max-image-preview:large, max-video-preview:-1\" \/>\n<link rel=\"canonical\" href=\"https:\/\/worklaser.pt\/?page_id=1698\" \/>\n<meta property=\"og:locale\" content=\"pt_PT\" \/>\n<meta property=\"og:type\" content=\"article\" \/>\n<meta property=\"og:title\" content=\"Sobre N\u00f3s - WorkLaser\" \/>\n<meta property=\"og:description\" content=\"Sobre n\u00f3s A Worklaser nasceu em 2013 com o objetivo de apresentar trabalhos \u00fanicos e originais. Somos especializados no corte e grava\u00e7\u00e3o a laser, desenhamos e fabricamos uma ampla gama de artigos. Trabalhamos com muita dedica\u00e7\u00e3o para poder oferecer pe\u00e7as de qualidade aos nossos clientes. DESENHAMOS E PRODUZIMOS:&#8211; Lembran\u00e7as personalizadas para todos os eventos (Casamentos, [&hellip;]\" \/>\n<meta property=\"og:url\" content=\"https:\/\/worklaser.pt\/?page_id=1698\" \/>\n<meta property=\"og:site_name\" content=\"WorkLaser\" \/>\n<meta property=\"article:publisher\" content=\"https:\/\/www.facebook.com\/worklaser\" \/>\n<meta property=\"article:modified_time\" content=\"2019-11-01T11:43:26+00:00\" \/>\n<meta property=\"og:image\" content=\"https:\/\/worklaser.pt\/wp-content\/uploads\/2019\/10\/aaaaa-200x54.png\" \/>\n<meta property=\"fb:app_id\" content=\"275000290498322\" \/>\n<meta name=\"twitter:card\" content=\"summary_large_image\" \/>\n<script type=\"application\/ld+json\" class=\"yoast-schema-graph\">{\"@context\":\"https:\/\/schema.org\",\"@graph\":[{\"@type\":\"WebSite\",\"@id\":\"https:\/\/worklaser.pt\/#website\",\"url\":\"https:\/\/worklaser.pt\/\",\"name\":\"WorkLaser\",\"description\":\"Loja Online\",\"potentialAction\":[{\"@type\":\"SearchAction\",\"target\":\"https:\/\/worklaser.pt\/?s={search_term_string}\",\"query-input\":\"required name=search_term_string\"}],\"inLanguage\":\"pt-PT\"},{\"@type\":\"ImageObject\",\"@id\":\"https:\/\/worklaser.pt\/?page_id=1698#primaryimage\",\"inLanguage\":\"pt-PT\",\"url\":\"https:\/\/worklaser.pt\/wp-content\/uploads\/2019\/10\/aaaaa.png\",\"width\":300,\"height\":82},{\"@type\":\"WebPage\",\"@id\":\"https:\/\/worklaser.pt\/?page_id=1698#webpage\",\"url\":\"https:\/\/worklaser.pt\/?page_id=1698\",\"name\":\"Sobre N\\u00f3s - WorkLaser\",\"isPartOf\":{\"@id\":\"https:\/\/worklaser.pt\/#website\"},\"primaryImageOfPage\":{\"@id\":\"https:\/\/worklaser.pt\/?page_id=1698#primaryimage\"},\"datePublished\":\"2019-11-01T11:41:43+00:00\",\"dateModified\":\"2019-11-01T11:43:26+00:00\",\"inLanguage\":\"pt-PT\",\"potentialAction\":[{\"@type\":\"ReadAction\",\"target\":[\"https:\/\/worklaser.pt\/?page_id=1698\"]}]}]}<\/script>\n<!-- \/ Yoast SEO plugin. -->","builder_content":"<h1 style=\"text-align: center;\">Sobre n\u00f3s<\/h1>\n<img src=\"https:\/\/worklaser.pt\/wp-content\/uploads\/2019\/10\/aaaaa-200x54.png\" width=\"200\" height=\"54\" title=\"aaaaa\" alt=\"aaaaa\" srcset=\"https:\/\/worklaser.pt\/wp-content\/uploads\/2019\/10\/aaaaa-200x54.png 200w, https:\/\/worklaser.pt\/wp-content\/uploads\/2019\/10\/aaaaa.png 300w, https:\/\/worklaser.pt\/wp-content\/uploads\/2019\/10\/aaaaa-250x68.png 250w, https:\/\/worklaser.pt\/wp-content\/uploads\/2019\/10\/aaaaa-150x41.png 150w\" sizes=\"(max-width: 200px) 100vw, 200px\" \/>\n<p><br \/>A Worklaser nasceu em 2013 com o objetivo de apresentar trabalhos \u00fanicos e originais. Somos especializados no corte e grava\u00e7\u00e3o a laser, desenhamos e fabricamos uma ampla gama de artigos. Trabalhamos com muita dedica\u00e7\u00e3o para poder oferecer pe\u00e7as de qualidade aos nossos clientes.<br \/><br \/>DESENHAMOS E PRODUZIMOS:<br \/>- Lembran\u00e7as personalizadas para todos os eventos (Casamentos, batizados, festas, eventos, etc...);<br \/>- Convites de casamento, batizado, comunh\u00e3o etc..<br \/>- Pe\u00e7as de decora\u00e7\u00e3o,<br \/>- Molduras,<br \/>- Letras de Madeira e Acr\u00edlico;<br \/>- Nomes;<br \/>- Placas com nomes;<br \/>- Placas gravadas;<br \/>- Imagens recortadas e pintadas;<br \/>- Quadros de assinaturas para casamentos, batizados, etc..;<br \/>- Livros de honra;<br \/>- Caixas diversas;<br \/>- porta chaves\/\u00edmanes com logos de empresas;<br \/>- Trof\u00e9us, etc.. <br \/><br \/>Aceitamos propostas de trabalhos!<br \/><br \/>QUAIS OS MATERIAIS USADOS?<br \/>Madeiras, MDF, Acr\u00edlico, Corti\u00e7a, Papel<br \/>Trabalhamos com diferentes espessuras.<\/p>","_links":{"self":[{"href":"https:\/\/worklaser.pt\/index.php?rest_route=\/wp\/v2\/pages\/1698"}],"collection":[{"href":"https:\/\/worklaser.pt\/index.php?rest_route=\/wp\/v2\/pages"}],"about":[{"href":"https:\/\/worklaser.pt\/index.php?rest_route=\/wp\/v2\/types\/page"}],"author":[{"embeddable":true,"href":"https:\/\/worklaser.pt\/index.php?rest_route=\/wp\/v2\/users\/1"}],"replies":[{"embeddable":true,"href":"https:\/\/worklaser.pt\/index.php?rest_route=%2Fwp%2Fv2%2Fcomments&post=1698"}],"version-history":[{"count":2,"href":"https:\/\/worklaser.pt\/index.php?rest_route=\/wp\/v2\/pages\/1698\/revisions"}],"predecessor-version":[{"id":1700,"href":"https:\/\/worklaser.pt\/index.php?rest_route=\/wp\/v2\/pages\/1698\/revisions\/1700"}],"wp:attachment":[{"href":"https:\/\/worklaser.pt\/index.php?rest_route=%2Fwp%2Fv2%2Fmedia&parent=1698"}],"curies":[{"name":"wp","href":"https:\/\/api.w.org\/{rel}","templated":true}]}}