{"id":1692,"date":"2019-11-01T11:34:56","date_gmt":"2019-11-01T11:34:56","guid":{"rendered":"https:\/\/worklaser.pt\/?page_id=1692"},"modified":"2019-11-01T11:36:56","modified_gmt":"2019-11-01T11:36:56","slug":"trocas-e-devolucoes","status":"publish","type":"page","link":"https:\/\/worklaser.pt\/?page_id=1692","title":{"rendered":"Trocas e Devolu\u00e7\u00f5es"},"content":{"rendered":"<!-- wp:themify-builder\/canvas \/--><!--themify_builder_static--><h1 style=\"text-align: center;\">Trocas e Devolu\u00e7\u00f5es<\/h1>\n<img decoding=\"async\" src=\"https:\/\/worklaser.pt\/wp-content\/uploads\/2019\/10\/aaaaa-250x68.png\" width=\"250\" alt=\"aaaaa\" srcset=\"https:\/\/worklaser.pt\/wp-content\/uploads\/2019\/10\/aaaaa-250x68.png 250w, https:\/\/worklaser.pt\/wp-content\/uploads\/2019\/10\/aaaaa.png 300w, https:\/\/worklaser.pt\/wp-content\/uploads\/2019\/10\/aaaaa-200x54.png 200w, https:\/\/worklaser.pt\/wp-content\/uploads\/2019\/10\/aaaaa-150x41.png 150w\" sizes=\"(max-width: 250px) 100vw, 250px\" \/>\n<p>As devolu\u00e7\u00f5es, cancelamentos ou reembolsos n\u00e3o se aplicam a bens personalizados (produtos com personaliza\u00e7\u00e3o de nomes, data, frases, formatos espec\u00edficos, decora\u00e7\u00f5es espec\u00edficas).<\/p> <p>Apenas produtos com defeito ou erro de impress\u00e3o\/grava\u00e7\u00e3o ser\u00e3o aceites como devolu\u00e7\u00e3o\/troca, caso se verifique que a grava\u00e7\u00e3o ou impress\u00e3o n\u00e3o est\u00e1 em conformidade com o que o cliente pediu.\u00a0 Caso tenha sido enviado uma maquete digital para o cliente aprovar a grava\u00e7\u00e3o\/corte\/impress\u00e3o e o cliente tenha aprovado a mesma com algum erro, ap\u00f3s o fabrico, a Worklaser reserva-se no direito de n\u00e3o aceitar devolu\u00e7\u00f5es nem troca do artigo, pois a responsabilidade da aprova\u00e7\u00e3o da pe\u00e7a ficou a cargo do cliente.<br \/><br \/><u>O que n\u00e3o \u00e9 um defeito:<\/u><br \/>* Varia\u00e7\u00e3o de cor do monitor para impress\u00e3o;<br \/>* Pequenas varia\u00e7\u00f5es de tamanho, montagem e la\u00e7o {pois \u00e9 um trabalho artesanal};<br \/>* Pequenas varia\u00e7\u00f5es de tom na impress\u00e3o e grava\u00e7\u00e3o a laser<br \/>. Pequenas varia\u00e7\u00f5es nas tonalidades da madeira (a madeira tem veios naturais que difere de pe\u00e7a para pe\u00e7a)<\/p> <p>No caso de defeito ou erro de impress\u00e3o\/grava\u00e7\u00e3o dever\u00e1 nos contactar nas 24h seguintes que recebeu a encomenda. Os custos dos portes de envio do artigo com defeito ou erro de impress\u00e3o\/grava\u00e7\u00e3o \u00e9 a cargo do cliente. A Worklaser assume o custo dos portes de envio do novo artigo.<\/p><!--\/themify_builder_static-->","protected":false},"excerpt":{"rendered":"<p>Trocas e Devolu\u00e7\u00f5es As devolu\u00e7\u00f5es, cancelamentos ou reembolsos n\u00e3o se aplicam a bens personalizados (produtos com personaliza\u00e7\u00e3o de nomes, data, frases, formatos espec\u00edficos, decora\u00e7\u00f5es espec\u00edficas). Apenas produtos com defeito ou erro de impress\u00e3o\/grava\u00e7\u00e3o ser\u00e3o aceites como devolu\u00e7\u00e3o\/troca, caso se verifique que a grava\u00e7\u00e3o ou impress\u00e3o n\u00e3o est\u00e1 em conformidade com o que o cliente pediu.\u00a0 [&hellip;]<\/p>\n","protected":false},"author":1,"featured_media":0,"parent":0,"menu_order":0,"comment_status":"closed","ping_status":"closed","template":"","meta":{"footnotes":""},"yoast_head":"<!-- This site is optimized with the Yoast SEO plugin v14.5 - https:\/\/yoast.com\/wordpress\/plugins\/seo\/ -->\n<title>Trocas e Devolu\u00e7\u00f5es - WorkLaser<\/title>\n<meta name=\"robots\" content=\"index, follow\" \/>\n<meta name=\"googlebot\" content=\"index, follow, max-snippet:-1, max-image-preview:large, max-video-preview:-1\" \/>\n<meta name=\"bingbot\" content=\"index, follow, max-snippet:-1, max-image-preview:large, max-video-preview:-1\" \/>\n<link rel=\"canonical\" href=\"https:\/\/worklaser.pt\/?page_id=1692\" \/>\n<meta property=\"og:locale\" content=\"pt_PT\" \/>\n<meta property=\"og:type\" content=\"article\" \/>\n<meta property=\"og:title\" content=\"Trocas e Devolu\u00e7\u00f5es - WorkLaser\" \/>\n<meta property=\"og:description\" content=\"Trocas e Devolu\u00e7\u00f5es As devolu\u00e7\u00f5es, cancelamentos ou reembolsos n\u00e3o se aplicam a bens personalizados (produtos com personaliza\u00e7\u00e3o de nomes, data, frases, formatos espec\u00edficos, decora\u00e7\u00f5es espec\u00edficas). Apenas produtos com defeito ou erro de impress\u00e3o\/grava\u00e7\u00e3o ser\u00e3o aceites como devolu\u00e7\u00e3o\/troca, caso se verifique que a grava\u00e7\u00e3o ou impress\u00e3o n\u00e3o est\u00e1 em conformidade com o que o cliente pediu.\u00a0 [&hellip;]\" \/>\n<meta property=\"og:url\" content=\"https:\/\/worklaser.pt\/?page_id=1692\" \/>\n<meta property=\"og:site_name\" content=\"WorkLaser\" \/>\n<meta property=\"article:publisher\" content=\"https:\/\/www.facebook.com\/worklaser\" \/>\n<meta property=\"article:modified_time\" content=\"2019-11-01T11:36:56+00:00\" \/>\n<meta property=\"og:image\" content=\"https:\/\/worklaser.pt\/wp-content\/uploads\/2019\/10\/aaaaa-250x68.png\" \/>\n<meta property=\"fb:app_id\" content=\"275000290498322\" \/>\n<meta name=\"twitter:card\" content=\"summary_large_image\" \/>\n<script type=\"application\/ld+json\" class=\"yoast-schema-graph\">{\"@context\":\"https:\/\/schema.org\",\"@graph\":[{\"@type\":\"WebSite\",\"@id\":\"https:\/\/worklaser.pt\/#website\",\"url\":\"https:\/\/worklaser.pt\/\",\"name\":\"WorkLaser\",\"description\":\"Loja Online\",\"potentialAction\":[{\"@type\":\"SearchAction\",\"target\":\"https:\/\/worklaser.pt\/?s={search_term_string}\",\"query-input\":\"required name=search_term_string\"}],\"inLanguage\":\"pt-PT\"},{\"@type\":\"ImageObject\",\"@id\":\"https:\/\/worklaser.pt\/?page_id=1692#primaryimage\",\"inLanguage\":\"pt-PT\",\"url\":\"https:\/\/worklaser.pt\/wp-content\/uploads\/2019\/10\/aaaaa.png\",\"width\":300,\"height\":82},{\"@type\":\"WebPage\",\"@id\":\"https:\/\/worklaser.pt\/?page_id=1692#webpage\",\"url\":\"https:\/\/worklaser.pt\/?page_id=1692\",\"name\":\"Trocas e Devolu\\u00e7\\u00f5es - WorkLaser\",\"isPartOf\":{\"@id\":\"https:\/\/worklaser.pt\/#website\"},\"primaryImageOfPage\":{\"@id\":\"https:\/\/worklaser.pt\/?page_id=1692#primaryimage\"},\"datePublished\":\"2019-11-01T11:34:56+00:00\",\"dateModified\":\"2019-11-01T11:36:56+00:00\",\"inLanguage\":\"pt-PT\",\"potentialAction\":[{\"@type\":\"ReadAction\",\"target\":[\"https:\/\/worklaser.pt\/?page_id=1692\"]}]}]}<\/script>\n<!-- \/ Yoast SEO plugin. -->","builder_content":"<h1 style=\"text-align: center;\">Trocas e Devolu\u00e7\u00f5es<\/h1>\n<img src=\"https:\/\/worklaser.pt\/wp-content\/uploads\/2019\/10\/aaaaa-250x68.png\" width=\"250\" height=\"68\" title=\"aaaaa\" alt=\"aaaaa\" srcset=\"https:\/\/worklaser.pt\/wp-content\/uploads\/2019\/10\/aaaaa-250x68.png 250w, https:\/\/worklaser.pt\/wp-content\/uploads\/2019\/10\/aaaaa.png 300w, https:\/\/worklaser.pt\/wp-content\/uploads\/2019\/10\/aaaaa-200x54.png 200w, https:\/\/worklaser.pt\/wp-content\/uploads\/2019\/10\/aaaaa-150x41.png 150w\" sizes=\"(max-width: 250px) 100vw, 250px\" \/>\n<p>As devolu\u00e7\u00f5es, cancelamentos ou reembolsos n\u00e3o se aplicam a bens personalizados (produtos com personaliza\u00e7\u00e3o de nomes, data, frases, formatos espec\u00edficos, decora\u00e7\u00f5es espec\u00edficas).<\/p> <p>Apenas produtos com defeito ou erro de impress\u00e3o\/grava\u00e7\u00e3o ser\u00e3o aceites como devolu\u00e7\u00e3o\/troca, caso se verifique que a grava\u00e7\u00e3o ou impress\u00e3o n\u00e3o est\u00e1 em conformidade com o que o cliente pediu.\u00a0 Caso tenha sido enviado uma maquete digital para o cliente aprovar a grava\u00e7\u00e3o\/corte\/impress\u00e3o e o cliente tenha aprovado a mesma com algum erro, ap\u00f3s o fabrico, a Worklaser reserva-se no direito de n\u00e3o aceitar devolu\u00e7\u00f5es nem troca do artigo, pois a responsabilidade da aprova\u00e7\u00e3o da pe\u00e7a ficou a cargo do cliente.<br \/><br \/><u>O que n\u00e3o \u00e9 um defeito:<\/u><br \/>* Varia\u00e7\u00e3o de cor do monitor para impress\u00e3o;<br \/>* Pequenas varia\u00e7\u00f5es de tamanho, montagem e la\u00e7o {pois \u00e9 um trabalho artesanal};<br \/>* Pequenas varia\u00e7\u00f5es de tom na impress\u00e3o e grava\u00e7\u00e3o a laser<br \/>. Pequenas varia\u00e7\u00f5es nas tonalidades da madeira (a madeira tem veios naturais que difere de pe\u00e7a para pe\u00e7a)<\/p> <p>No caso de defeito ou erro de impress\u00e3o\/grava\u00e7\u00e3o dever\u00e1 nos contactar nas 24h seguintes que recebeu a encomenda. Os custos dos portes de envio do artigo com defeito ou erro de impress\u00e3o\/grava\u00e7\u00e3o \u00e9 a cargo do cliente. A Worklaser assume o custo dos portes de envio do novo artigo.<\/p>","_links":{"self":[{"href":"https:\/\/worklaser.pt\/index.php?rest_route=\/wp\/v2\/pages\/1692"}],"collection":[{"href":"https:\/\/worklaser.pt\/index.php?rest_route=\/wp\/v2\/pages"}],"about":[{"href":"https:\/\/worklaser.pt\/index.php?rest_route=\/wp\/v2\/types\/page"}],"author":[{"embeddable":true,"href":"https:\/\/worklaser.pt\/index.php?rest_route=\/wp\/v2\/users\/1"}],"replies":[{"embeddable":true,"href":"https:\/\/worklaser.pt\/index.php?rest_route=%2Fwp%2Fv2%2Fcomments&post=1692"}],"version-history":[{"count":2,"href":"https:\/\/worklaser.pt\/index.php?rest_route=\/wp\/v2\/pages\/1692\/revisions"}],"predecessor-version":[{"id":1696,"href":"https:\/\/worklaser.pt\/index.php?rest_route=\/wp\/v2\/pages\/1692\/revisions\/1696"}],"wp:attachment":[{"href":"https:\/\/worklaser.pt\/index.php?rest_route=%2Fwp%2Fv2%2Fmedia&parent=1692"}],"curies":[{"name":"wp","href":"https:\/\/api.w.org\/{rel}","templated":true}]}}