{"id":1688,"date":"2019-11-01T11:28:01","date_gmt":"2019-11-01T11:28:01","guid":{"rendered":"https:\/\/worklaser.pt\/?page_id=1688"},"modified":"2022-07-01T09:33:40","modified_gmt":"2022-07-01T09:33:40","slug":"politica-de-envio","status":"publish","type":"page","link":"https:\/\/worklaser.pt\/?page_id=1688","title":{"rendered":"Polit\u00edca de Envio"},"content":{"rendered":"<!-- wp:themify-builder\/canvas \/-->","protected":false},"excerpt":{"rendered":"","protected":false},"author":1,"featured_media":0,"parent":0,"menu_order":0,"comment_status":"closed","ping_status":"closed","template":"","meta":{"footnotes":""},"yoast_head":"<!-- This site is optimized with the Yoast SEO plugin v14.5 - https:\/\/yoast.com\/wordpress\/plugins\/seo\/ -->\n<title>Polit\u00edca de Envio - WorkLaser<\/title>\n<meta name=\"robots\" content=\"index, follow\" \/>\n<meta name=\"googlebot\" content=\"index, follow, max-snippet:-1, max-image-preview:large, max-video-preview:-1\" \/>\n<meta name=\"bingbot\" content=\"index, follow, max-snippet:-1, max-image-preview:large, max-video-preview:-1\" \/>\n<link rel=\"canonical\" href=\"https:\/\/worklaser.pt\/?page_id=1688\" \/>\n<meta property=\"og:locale\" content=\"pt_PT\" \/>\n<meta property=\"og:type\" content=\"article\" \/>\n<meta property=\"og:title\" content=\"Polit\u00edca de Envio - WorkLaser\" \/>\n<meta property=\"og:url\" content=\"https:\/\/worklaser.pt\/?page_id=1688\" \/>\n<meta property=\"og:site_name\" content=\"WorkLaser\" \/>\n<meta property=\"article:publisher\" content=\"https:\/\/www.facebook.com\/worklaser\" \/>\n<meta property=\"article:modified_time\" content=\"2022-07-01T09:33:40+00:00\" \/>\n<meta property=\"fb:app_id\" content=\"275000290498322\" \/>\n<meta name=\"twitter:card\" content=\"summary_large_image\" \/>\n<script type=\"application\/ld+json\" class=\"yoast-schema-graph\">{\"@context\":\"https:\/\/schema.org\",\"@graph\":[{\"@type\":\"WebSite\",\"@id\":\"https:\/\/worklaser.pt\/#website\",\"url\":\"https:\/\/worklaser.pt\/\",\"name\":\"WorkLaser\",\"description\":\"Loja Online\",\"potentialAction\":[{\"@type\":\"SearchAction\",\"target\":\"https:\/\/worklaser.pt\/?s={search_term_string}\",\"query-input\":\"required name=search_term_string\"}],\"inLanguage\":\"pt-PT\"},{\"@type\":\"WebPage\",\"@id\":\"https:\/\/worklaser.pt\/?page_id=1688#webpage\",\"url\":\"https:\/\/worklaser.pt\/?page_id=1688\",\"name\":\"Polit\\u00edca de Envio - WorkLaser\",\"isPartOf\":{\"@id\":\"https:\/\/worklaser.pt\/#website\"},\"datePublished\":\"2019-11-01T11:28:01+00:00\",\"dateModified\":\"2022-07-01T09:33:40+00:00\",\"inLanguage\":\"pt-PT\",\"potentialAction\":[{\"@type\":\"ReadAction\",\"target\":[\"https:\/\/worklaser.pt\/?page_id=1688\"]}]}]}<\/script>\n<!-- \/ Yoast SEO plugin. -->","builder_content":"<h1 style=\"text-align: center;\">Polit\u00edca de Envio<\/h1>\n<img src=\"https:\/\/worklaser.pt\/wp-content\/uploads\/2019\/10\/aaaaa-250x68.png\" width=\"250\" height=\"68\" title=\"aaaaa\" alt=\"aaaaa\" srcset=\"https:\/\/worklaser.pt\/wp-content\/uploads\/2019\/10\/aaaaa-250x68.png 250w, https:\/\/worklaser.pt\/wp-content\/uploads\/2019\/10\/aaaaa.png 300w, https:\/\/worklaser.pt\/wp-content\/uploads\/2019\/10\/aaaaa-200x54.png 200w, https:\/\/worklaser.pt\/wp-content\/uploads\/2019\/10\/aaaaa-150x41.png 150w\" sizes=\"(max-width: 250px) 100vw, 250px\" \/>\n<p>O tempo de fabrico de cada produto est\u00e1 indicado na descri\u00e7\u00e3o de cada artigo, a este tempo ter\u00e1 que acrescentar o tempo de envio CTT, para saber quando ir\u00e1 receber a sua encomenda.<\/p> <p>Os envios s\u00e3o efetuados via CTT.<\/p> <p><br \/>Tempo de tr\u00e2nsito:<br \/>- Portugal Continental \u2013 1 a 3 dias \u00fateis<br \/>- Portugal Ilhas \u2013 5 a 15 dias \u00fateis<br \/><br \/>Caso o artigo comprado n\u00e3o tenha a informa\u00e7\u00e3o de que os portes de envio sejam gratuitos, ser\u00e1 calculada uma taxa de envio mediante a morada de entrega, aquando a finaliza\u00e7\u00e3o da encomenda.<\/p> <p>\u00a0<\/p> <p>Todos os envios ter\u00e3o um c\u00f3digo de rastreio e poder\u00e1 acompanhar a sua encomenda atrav\u00e9s do website dos CTT<br \/><br \/>A Worklaser n\u00e3o se responsabiliza por poss\u00edveis atrasos nas entregas das encomendas, pois o servi\u00e7o \u00e9 efetuado pelos CTT<br \/><br \/><br \/><\/p>","_links":{"self":[{"href":"https:\/\/worklaser.pt\/index.php?rest_route=\/wp\/v2\/pages\/1688"}],"collection":[{"href":"https:\/\/worklaser.pt\/index.php?rest_route=\/wp\/v2\/pages"}],"about":[{"href":"https:\/\/worklaser.pt\/index.php?rest_route=\/wp\/v2\/types\/page"}],"author":[{"embeddable":true,"href":"https:\/\/worklaser.pt\/index.php?rest_route=\/wp\/v2\/users\/1"}],"replies":[{"embeddable":true,"href":"https:\/\/worklaser.pt\/index.php?rest_route=%2Fwp%2Fv2%2Fcomments&post=1688"}],"version-history":[{"count":8,"href":"https:\/\/worklaser.pt\/index.php?rest_route=\/wp\/v2\/pages\/1688\/revisions"}],"predecessor-version":[{"id":11537,"href":"https:\/\/worklaser.pt\/index.php?rest_route=\/wp\/v2\/pages\/1688\/revisions\/11537"}],"wp:attachment":[{"href":"https:\/\/worklaser.pt\/index.php?rest_route=%2Fwp%2Fv2%2Fmedia&parent=1688"}],"curies":[{"name":"wp","href":"https:\/\/api.w.org\/{rel}","templated":true}]}}